{"id":111,"date":"2020-10-12T21:30:01","date_gmt":"2020-10-13T00:30:01","guid":{"rendered":"http:\/\/frutiflora.agenciainsonia.com.br\/?page_id=111"},"modified":"2022-12-16T19:57:53","modified_gmt":"2022-12-16T22:57:53","slug":"quem-somos","status":"publish","type":"page","link":"https:\/\/frutiflora.com.br\/en\/quem-somos\/","title":{"rendered":"Our Company"},"content":{"rendered":"<div data-elementor-type=\"wp-page\" data-elementor-id=\"111\" class=\"elementor elementor-111\" data-elementor-post-type=\"page\">\n\t\t\t\t\t\t<section class=\"elementor-section elementor-top-section elementor-element elementor-element-e8231d7 elementor-section-height-min-height elementor-section-boxed elementor-section-height-default elementor-section-items-middle\" data-id=\"e8231d7\" data-element_type=\"section\" data-e-type=\"section\" data-settings=\"{&quot;background_background&quot;:&quot;gradient&quot;}\">\n\t\t\t\t\t\t<div class=\"elementor-container elementor-column-gap-default\">\n\t\t\t\t\t<div class=\"elementor-column elementor-col-100 elementor-top-column elementor-element elementor-element-99edf14\" data-id=\"99edf14\" data-element_type=\"column\" data-e-type=\"column\">\n\t\t\t<div class=\"elementor-widget-wrap elementor-element-populated\">\n\t\t\t\t\t\t<div class=\"elementor-element elementor-element-a3dc582 elementor-widget elementor-widget-text-editor\" data-id=\"a3dc582\" data-element_type=\"widget\" data-e-type=\"widget\" data-widget_type=\"text-editor.default\">\n\t\t\t\t<div class=\"elementor-widget-container\">\n\t\t\t\t\t\t\t\t\tSince 1958\t\t\t\t\t\t\t\t<\/div>\n\t\t\t\t<\/div>\n\t\t\t\t<div class=\"elementor-element elementor-element-73e2f01 elementor-widget elementor-widget-heading\" data-id=\"73e2f01\" data-element_type=\"widget\" data-e-type=\"widget\" data-widget_type=\"heading.default\">\n\t\t\t\t<div class=\"elementor-widget-container\">\n\t\t\t\t\t<h2 class=\"elementor-heading-title elementor-size-default translation-block\">Frutiflora<br>Aromas<\/h2>\t\t\t\t<\/div>\n\t\t\t\t<\/div>\n\t\t\t\t<section class=\"elementor-section elementor-inner-section elementor-element elementor-element-bf450cc elementor-section-boxed elementor-section-height-default elementor-section-height-default\" data-id=\"bf450cc\" data-element_type=\"section\" data-e-type=\"section\">\n\t\t\t\t\t\t<div class=\"elementor-container elementor-column-gap-default\">\n\t\t\t\t\t<div class=\"elementor-column elementor-col-50 elementor-inner-column elementor-element elementor-element-60dc94a\" data-id=\"60dc94a\" data-element_type=\"column\" data-e-type=\"column\" data-settings=\"{&quot;background_background&quot;:&quot;classic&quot;}\">\n\t\t\t<div class=\"elementor-widget-wrap elementor-element-populated\">\n\t\t\t\t\t\t<div class=\"elementor-element elementor-element-feff37f elementor-widget elementor-widget-spacer\" data-id=\"feff37f\" data-element_type=\"widget\" data-e-type=\"widget\" data-widget_type=\"spacer.default\">\n\t\t\t\t<div class=\"elementor-widget-container\">\n\t\t\t\t\t\t\t<div class=\"elementor-spacer\">\n\t\t\t<div class=\"elementor-spacer-inner\"><\/div>\n\t\t<\/div>\n\t\t\t\t\t\t<\/div>\n\t\t\t\t<\/div>\n\t\t\t\t\t<\/div>\n\t\t<\/div>\n\t\t\t\t<div class=\"elementor-column elementor-col-50 elementor-inner-column elementor-element elementor-element-1aeb758\" data-id=\"1aeb758\" data-element_type=\"column\" data-e-type=\"column\">\n\t\t\t<div class=\"elementor-widget-wrap elementor-element-populated\">\n\t\t\t\t\t\t<div class=\"elementor-element elementor-element-025708f elementor-widget elementor-widget-text-editor\" data-id=\"025708f\" data-element_type=\"widget\" data-e-type=\"widget\" data-widget_type=\"text-editor.default\">\n\t\t\t\t<div class=\"elementor-widget-container\">\n\t\t\t\t\t\t\t\t\t<p>Founded in 1958, Frutiflora started the production of aromas serving different regions of the State of S\u00e3o Paulo. The most successful products developed were Aroma Tuba\u00edna and Aroma Guaran\u00e1, destined to the manufacture of regional soft drinks, mainly in the interior of the State, thus becoming the main products of the company.<\/p><p>From these bases, we developed other versions of the Tuba\u00edna and Guaran\u00e1 flavor, due to the requirement of the different regional profiles that we have throughout the National Territory.<\/p>\t\t\t\t\t\t\t\t<\/div>\n\t\t\t\t<\/div>\n\t\t\t\t\t<\/div>\n\t\t<\/div>\n\t\t\t\t\t<\/div>\n\t\t<\/section>\n\t\t\t\t\t<\/div>\n\t\t<\/div>\n\t\t\t\t\t<\/div>\n\t\t<\/section>\n\t\t\t\t<section class=\"elementor-section elementor-top-section elementor-element elementor-element-4e516d8 elementor-section-full_width elementor-reverse-mobile elementor-section-height-default elementor-section-height-default\" data-id=\"4e516d8\" data-element_type=\"section\" data-e-type=\"section\">\n\t\t\t\t\t\t<div class=\"elementor-container elementor-column-gap-default\">\n\t\t\t\t\t<div class=\"elementor-column elementor-col-50 elementor-top-column elementor-element elementor-element-361083e\" data-id=\"361083e\" data-element_type=\"column\" data-e-type=\"column\">\n\t\t\t<div class=\"elementor-widget-wrap elementor-element-populated\">\n\t\t\t\t\t\t<div class=\"elementor-element elementor-element-41e34de elementor-widget elementor-widget-heading\" data-id=\"41e34de\" data-element_type=\"widget\" data-e-type=\"widget\" data-widget_type=\"heading.default\">\n\t\t\t\t<div class=\"elementor-widget-container\">\n\t\t\t\t\t<h2 class=\"elementor-heading-title elementor-size-default\">Our<br>Trajet\u00f3ria<\/h2>\t\t\t\t<\/div>\n\t\t\t\t<\/div>\n\t\t\t\t<div class=\"elementor-element elementor-element-66fae53 elementor-widget elementor-widget-text-editor\" data-id=\"66fae53\" data-element_type=\"widget\" data-e-type=\"widget\" data-widget_type=\"text-editor.default\">\n\t\t\t\t<div class=\"elementor-widget-container\">\n\t\t\t\t\t\t\t\t\tOver time, Frutiflora has been expanding its business to other segments of the food sector, seeking to improve the consolidated position of the company, adding new technological concepts, increasing the product line and modernizing its facilities to better serve its customers.\t\t\t\t\t\t\t\t<\/div>\n\t\t\t\t<\/div>\n\t\t\t\t\t<\/div>\n\t\t<\/div>\n\t\t\t\t<div class=\"elementor-column elementor-col-50 elementor-top-column elementor-element elementor-element-8f25b7e\" data-id=\"8f25b7e\" data-element_type=\"column\" data-e-type=\"column\" data-settings=\"{&quot;background_background&quot;:&quot;classic&quot;}\">\n\t\t\t<div class=\"elementor-widget-wrap elementor-element-populated\">\n\t\t\t\t\t\t<div class=\"elementor-element elementor-element-9ca16da elementor-widget elementor-widget-spacer\" data-id=\"9ca16da\" data-element_type=\"widget\" data-e-type=\"widget\" data-widget_type=\"spacer.default\">\n\t\t\t\t<div class=\"elementor-widget-container\">\n\t\t\t\t\t\t\t<div class=\"elementor-spacer\">\n\t\t\t<div class=\"elementor-spacer-inner\"><\/div>\n\t\t<\/div>\n\t\t\t\t\t\t<\/div>\n\t\t\t\t<\/div>\n\t\t\t\t\t<\/div>\n\t\t<\/div>\n\t\t\t\t\t<\/div>\n\t\t<\/section>\n\t\t\t\t<section class=\"elementor-section elementor-top-section elementor-element elementor-element-9dc72de elementor-section-full_width elementor-section-height-min-height elementor-section-height-default elementor-section-items-middle\" data-id=\"9dc72de\" data-element_type=\"section\" data-e-type=\"section\">\n\t\t\t\t\t\t<div class=\"elementor-container elementor-column-gap-no\">\n\t\t\t\t\t<div class=\"elementor-column elementor-col-100 elementor-top-column elementor-element elementor-element-e989cc2\" data-id=\"e989cc2\" data-element_type=\"column\" data-e-type=\"column\">\n\t\t\t<div class=\"elementor-widget-wrap elementor-element-populated\">\n\t\t\t\t\t\t<div class=\"elementor-element elementor-element-11cca76 elementor-widget elementor-widget-image-carousel\" data-id=\"11cca76\" data-element_type=\"widget\" data-e-type=\"widget\" data-settings=\"{&quot;slides_to_show&quot;:&quot;6&quot;,&quot;slides_to_scroll&quot;:&quot;2&quot;,&quot;navigation&quot;:&quot;none&quot;,&quot;autoplay&quot;:&quot;yes&quot;,&quot;pause_on_hover&quot;:&quot;yes&quot;,&quot;pause_on_interaction&quot;:&quot;yes&quot;,&quot;autoplay_speed&quot;:5000,&quot;infinite&quot;:&quot;yes&quot;,&quot;speed&quot;:500}\" data-widget_type=\"image-carousel.default\">\n\t\t\t\t<div class=\"elementor-widget-container\">\n\t\t\t\t\t\t\t<div class=\"elementor-image-carousel-wrapper swiper\" role=\"region\" aria-roledescription=\"carousel\" aria-label=\"Carrossel de imagens\" dir=\"ltr\">\n\t\t\t<div class=\"elementor-image-carousel swiper-wrapper\" aria-live=\"off\">\n\t\t\t\t\t\t\t\t<div class=\"swiper-slide\" role=\"group\" aria-roledescription=\"slide\" aria-label=\"1 de 6\"><figure class=\"swiper-slide-inner\"><img decoding=\"async\" class=\"swiper-slide-image\" src=\"https:\/\/frutiflora.com.br\/wp-content\/uploads\/2020\/11\/MG_0379-768x512.jpg\" alt=\"_MG_0379\" \/><\/figure><\/div><div class=\"swiper-slide\" role=\"group\" aria-roledescription=\"slide\" aria-label=\"2 de 6\"><figure class=\"swiper-slide-inner\"><img decoding=\"async\" class=\"swiper-slide-image\" src=\"https:\/\/frutiflora.com.br\/wp-content\/uploads\/2020\/11\/MG_0690-768x512.jpg\" alt=\"_MG_0690\" \/><\/figure><\/div><div class=\"swiper-slide\" role=\"group\" aria-roledescription=\"slide\" aria-label=\"3 de 6\"><figure class=\"swiper-slide-inner\"><img decoding=\"async\" class=\"swiper-slide-image\" src=\"https:\/\/frutiflora.com.br\/wp-content\/uploads\/2020\/11\/MG_2501-768x512.jpg\" alt=\"_MG_2501\" \/><\/figure><\/div><div class=\"swiper-slide\" role=\"group\" aria-roledescription=\"slide\" aria-label=\"4 de 6\"><figure class=\"swiper-slide-inner\"><img decoding=\"async\" class=\"swiper-slide-image\" src=\"https:\/\/frutiflora.com.br\/wp-content\/uploads\/2020\/11\/MG_2574-768x512.jpg\" alt=\"_MG_2574\" \/><\/figure><\/div><div class=\"swiper-slide\" role=\"group\" aria-roledescription=\"slide\" aria-label=\"5 de 6\"><figure class=\"swiper-slide-inner\"><img decoding=\"async\" class=\"swiper-slide-image\" src=\"https:\/\/frutiflora.com.br\/wp-content\/uploads\/2020\/11\/MG_2622-768x512.jpg\" alt=\"_MG_2622\" \/><\/figure><\/div><div class=\"swiper-slide\" role=\"group\" aria-roledescription=\"slide\" aria-label=\"6 de 6\"><figure class=\"swiper-slide-inner\"><img decoding=\"async\" class=\"swiper-slide-image\" src=\"https:\/\/frutiflora.com.br\/wp-content\/uploads\/2020\/11\/MG_2628-768x512.jpg\" alt=\"_MG_2628\" \/><\/figure><\/div>\t\t\t<\/div>\n\t\t\t\t\t\t\t\n\t\t\t\t\t\t\t\t\t<\/div>\n\t\t\t\t\t\t<\/div>\n\t\t\t\t<\/div>\n\t\t\t\t\t<\/div>\n\t\t<\/div>\n\t\t\t\t\t<\/div>\n\t\t<\/section>\n\t\t\t\t<\/div>","protected":false},"excerpt":{"rendered":"<p>Desde 1958 FrutifloraAromas Fundada em 1958, a\u00a0Frutiflora\u00a0iniciou a produ\u00e7\u00e3o de aromas atendendo a diversas regi\u00f5es do Estado de S\u00e3o Paulo. Os produtos desenvolvidos de maior sucesso foram o Aroma Tuba\u00edna e Aroma Guaran\u00e1, sendo destinados \u00e0 fabrica\u00e7\u00e3o de refrigerantes regionais, principalmente no interior do Estado, se tornando assim os principais produtos da empresa. A partir [&hellip;]<\/p>\n","protected":false},"author":1,"featured_media":0,"parent":0,"menu_order":0,"comment_status":"closed","ping_status":"closed","template":"elementor_header_footer","meta":{"_joinchat":[],"footnotes":""},"class_list":["post-111","page","type-page","status-publish","hentry"],"yoast_head":"<!-- This site is optimized with the Yoast SEO Premium plugin v26.0 (Yoast SEO v27.2) - https:\/\/yoast.com\/product\/yoast-seo-premium-wordpress\/ -->\n<title>Quem somos - Frutiflora Aromas<\/title>\n<meta name=\"robots\" content=\"index, follow, max-snippet:-1, max-image-preview:large, max-video-preview:-1\" \/>\n<link rel=\"canonical\" href=\"https:\/\/frutiflora.com.br\/en\/quem-somos\/\" \/>\n<meta property=\"og:locale\" content=\"en_US\" \/>\n<meta property=\"og:type\" content=\"article\" \/>\n<meta property=\"og:title\" content=\"Quem somos\" \/>\n<meta property=\"og:description\" content=\"Desde 1958 FrutifloraAromas Fundada em 1958, a\u00a0Frutiflora\u00a0iniciou a produ\u00e7\u00e3o de aromas atendendo a diversas regi\u00f5es do Estado de S\u00e3o Paulo. Os produtos desenvolvidos de maior sucesso foram o Aroma Tuba\u00edna e Aroma Guaran\u00e1, sendo destinados \u00e0 fabrica\u00e7\u00e3o de refrigerantes regionais, principalmente no interior do Estado, se tornando assim os principais produtos da empresa. A partir [&hellip;]\" \/>\n<meta property=\"og:url\" content=\"https:\/\/frutiflora.com.br\/en\/quem-somos\/\" \/>\n<meta property=\"og:site_name\" content=\"Frutiflora Aromas\" \/>\n<meta property=\"article:modified_time\" content=\"2022-12-16T22:57:53+00:00\" \/>\n<meta property=\"og:image\" content=\"https:\/\/frutiflora.com.br\/wp-content\/uploads\/2020\/11\/MG_0379-768x512.jpg\" \/>\n<meta name=\"twitter:card\" content=\"summary_large_image\" \/>\n<meta name=\"twitter:label1\" content=\"Est. reading time\" \/>\n\t<meta name=\"twitter:data1\" content=\"5 minutes\" \/>\n<script type=\"application\/ld+json\" class=\"yoast-schema-graph\">{\"@context\":\"https:\/\/schema.org\",\"@graph\":[{\"@type\":\"WebPage\",\"@id\":\"https:\/\/frutiflora.com.br\/quem-somos\/\",\"url\":\"https:\/\/frutiflora.com.br\/quem-somos\/\",\"name\":\"Quem somos - Frutiflora Aromas\",\"isPartOf\":{\"@id\":\"https:\/\/frutiflora.com.br\/#website\"},\"primaryImageOfPage\":{\"@id\":\"https:\/\/frutiflora.com.br\/quem-somos\/#primaryimage\"},\"image\":{\"@id\":\"https:\/\/frutiflora.com.br\/quem-somos\/#primaryimage\"},\"thumbnailUrl\":\"https:\/\/frutiflora.com.br\/wp-content\/uploads\/2020\/11\/MG_0379-768x512.jpg\",\"datePublished\":\"2020-10-13T00:30:01+00:00\",\"dateModified\":\"2022-12-16T22:57:53+00:00\",\"breadcrumb\":{\"@id\":\"https:\/\/frutiflora.com.br\/quem-somos\/#breadcrumb\"},\"inLanguage\":\"en-US\",\"potentialAction\":[{\"@type\":\"ReadAction\",\"target\":[\"https:\/\/frutiflora.com.br\/quem-somos\/\"]}]},{\"@type\":\"ImageObject\",\"inLanguage\":\"en-US\",\"@id\":\"https:\/\/frutiflora.com.br\/quem-somos\/#primaryimage\",\"url\":\"https:\/\/frutiflora.com.br\/wp-content\/uploads\/2020\/11\/MG_0379-768x512.jpg\",\"contentUrl\":\"https:\/\/frutiflora.com.br\/wp-content\/uploads\/2020\/11\/MG_0379-768x512.jpg\"},{\"@type\":\"BreadcrumbList\",\"@id\":\"https:\/\/frutiflora.com.br\/quem-somos\/#breadcrumb\",\"itemListElement\":[{\"@type\":\"ListItem\",\"position\":1,\"name\":\"Home\",\"item\":\"https:\/\/frutiflora.com.br\/\"},{\"@type\":\"ListItem\",\"position\":2,\"name\":\"Quem somos\"}]},{\"@type\":\"WebSite\",\"@id\":\"https:\/\/frutiflora.com.br\/#website\",\"url\":\"https:\/\/frutiflora.com.br\/\",\"name\":\"Frutiflora Aromas\",\"description\":\"Uma Infinidade de Sabores!\",\"potentialAction\":[{\"@type\":\"SearchAction\",\"target\":{\"@type\":\"EntryPoint\",\"urlTemplate\":\"https:\/\/frutiflora.com.br\/?s={search_term_string}\"},\"query-input\":{\"@type\":\"PropertyValueSpecification\",\"valueRequired\":true,\"valueName\":\"search_term_string\"}}],\"inLanguage\":\"en-US\"}]}<\/script>\n<!-- \/ Yoast SEO Premium plugin. -->","yoast_head_json":{"title":"Quem somos - Frutiflora Aromas","robots":{"index":"index","follow":"follow","max-snippet":"max-snippet:-1","max-image-preview":"max-image-preview:large","max-video-preview":"max-video-preview:-1"},"canonical":"https:\/\/frutiflora.com.br\/en\/quem-somos\/","og_locale":"en_US","og_type":"article","og_title":"Quem somos","og_description":"Desde 1958 FrutifloraAromas Fundada em 1958, a\u00a0Frutiflora\u00a0iniciou a produ\u00e7\u00e3o de aromas atendendo a diversas regi\u00f5es do Estado de S\u00e3o Paulo. Os produtos desenvolvidos de maior sucesso foram o Aroma Tuba\u00edna e Aroma Guaran\u00e1, sendo destinados \u00e0 fabrica\u00e7\u00e3o de refrigerantes regionais, principalmente no interior do Estado, se tornando assim os principais produtos da empresa. A partir [&hellip;]","og_url":"https:\/\/frutiflora.com.br\/en\/quem-somos\/","og_site_name":"Frutiflora Aromas","article_modified_time":"2022-12-16T22:57:53+00:00","og_image":[{"url":"https:\/\/frutiflora.com.br\/wp-content\/uploads\/2020\/11\/MG_0379-768x512.jpg","type":"","width":"","height":""}],"twitter_card":"summary_large_image","twitter_misc":{"Est. reading time":"5 minutes"},"schema":{"@context":"https:\/\/schema.org","@graph":[{"@type":"WebPage","@id":"https:\/\/frutiflora.com.br\/quem-somos\/","url":"https:\/\/frutiflora.com.br\/quem-somos\/","name":"Quem somos - Frutiflora Aromas","isPartOf":{"@id":"https:\/\/frutiflora.com.br\/#website"},"primaryImageOfPage":{"@id":"https:\/\/frutiflora.com.br\/quem-somos\/#primaryimage"},"image":{"@id":"https:\/\/frutiflora.com.br\/quem-somos\/#primaryimage"},"thumbnailUrl":"https:\/\/frutiflora.com.br\/wp-content\/uploads\/2020\/11\/MG_0379-768x512.jpg","datePublished":"2020-10-13T00:30:01+00:00","dateModified":"2022-12-16T22:57:53+00:00","breadcrumb":{"@id":"https:\/\/frutiflora.com.br\/quem-somos\/#breadcrumb"},"inLanguage":"en-US","potentialAction":[{"@type":"ReadAction","target":["https:\/\/frutiflora.com.br\/quem-somos\/"]}]},{"@type":"ImageObject","inLanguage":"en-US","@id":"https:\/\/frutiflora.com.br\/quem-somos\/#primaryimage","url":"https:\/\/frutiflora.com.br\/wp-content\/uploads\/2020\/11\/MG_0379-768x512.jpg","contentUrl":"https:\/\/frutiflora.com.br\/wp-content\/uploads\/2020\/11\/MG_0379-768x512.jpg"},{"@type":"BreadcrumbList","@id":"https:\/\/frutiflora.com.br\/quem-somos\/#breadcrumb","itemListElement":[{"@type":"ListItem","position":1,"name":"Home","item":"https:\/\/frutiflora.com.br\/"},{"@type":"ListItem","position":2,"name":"Quem somos"}]},{"@type":"WebSite","@id":"https:\/\/frutiflora.com.br\/#website","url":"https:\/\/frutiflora.com.br\/","name":"Frutiflora Aromas","description":"Uma Infinidade de Sabores!","potentialAction":[{"@type":"SearchAction","target":{"@type":"EntryPoint","urlTemplate":"https:\/\/frutiflora.com.br\/?s={search_term_string}"},"query-input":{"@type":"PropertyValueSpecification","valueRequired":true,"valueName":"search_term_string"}}],"inLanguage":"en-US"}]}},"_links":{"self":[{"href":"https:\/\/frutiflora.com.br\/en\/wp-json\/wp\/v2\/pages\/111","targetHints":{"allow":["GET"]}}],"collection":[{"href":"https:\/\/frutiflora.com.br\/en\/wp-json\/wp\/v2\/pages"}],"about":[{"href":"https:\/\/frutiflora.com.br\/en\/wp-json\/wp\/v2\/types\/page"}],"author":[{"embeddable":true,"href":"https:\/\/frutiflora.com.br\/en\/wp-json\/wp\/v2\/users\/1"}],"replies":[{"embeddable":true,"href":"https:\/\/frutiflora.com.br\/en\/wp-json\/wp\/v2\/comments?post=111"}],"version-history":[{"count":16,"href":"https:\/\/frutiflora.com.br\/en\/wp-json\/wp\/v2\/pages\/111\/revisions"}],"predecessor-version":[{"id":668,"href":"https:\/\/frutiflora.com.br\/en\/wp-json\/wp\/v2\/pages\/111\/revisions\/668"}],"wp:attachment":[{"href":"https:\/\/frutiflora.com.br\/en\/wp-json\/wp\/v2\/media?parent=111"}],"curies":[{"name":"wp","href":"https:\/\/api.w.org\/{rel}","templated":true}]}}