{"id":156,"date":"2020-10-13T20:10:06","date_gmt":"2020-10-13T23:10:06","guid":{"rendered":"http:\/\/frutiflora.agenciainsonia.com.br\/?page_id=156"},"modified":"2025-09-05T09:12:50","modified_gmt":"2025-09-05T12:12:50","slug":"aromas-salgados","status":"publish","type":"page","link":"https:\/\/frutiflora.com.br\/en\/aromas-salgados\/","title":{"rendered":"Savory"},"content":{"rendered":"<div data-elementor-type=\"wp-page\" data-elementor-id=\"156\" class=\"elementor elementor-156\" data-elementor-post-type=\"page\">\n\t\t\t\t\t\t<section class=\"elementor-section elementor-top-section elementor-element elementor-element-98e8f82 elementor-section-boxed elementor-section-height-default elementor-section-height-default\" data-id=\"98e8f82\" data-element_type=\"section\" data-e-type=\"section\">\n\t\t\t\t\t\t<div class=\"elementor-container elementor-column-gap-default\">\n\t\t\t\t\t<div class=\"elementor-column elementor-col-50 elementor-top-column elementor-element elementor-element-29a28ad\" data-id=\"29a28ad\" data-element_type=\"column\" data-e-type=\"column\" data-settings=\"{&quot;background_background&quot;:&quot;classic&quot;}\">\n\t\t\t<div class=\"elementor-widget-wrap elementor-element-populated\">\n\t\t\t\t\t\t<div class=\"elementor-element elementor-element-0325baa elementor-widget elementor-widget-spacer\" data-id=\"0325baa\" data-element_type=\"widget\" data-e-type=\"widget\" data-widget_type=\"spacer.default\">\n\t\t\t\t<div class=\"elementor-widget-container\">\n\t\t\t\t\t\t\t<div class=\"elementor-spacer\">\n\t\t\t<div class=\"elementor-spacer-inner\"><\/div>\n\t\t<\/div>\n\t\t\t\t\t\t<\/div>\n\t\t\t\t<\/div>\n\t\t\t\t\t<\/div>\n\t\t<\/div>\n\t\t\t\t<div class=\"elementor-column elementor-col-50 elementor-top-column elementor-element elementor-element-f7b288a\" data-id=\"f7b288a\" data-element_type=\"column\" data-e-type=\"column\">\n\t\t\t<div class=\"elementor-widget-wrap elementor-element-populated\">\n\t\t\t\t\t\t<div class=\"elementor-element elementor-element-04b3aad elementor-widget elementor-widget-heading\" data-id=\"04b3aad\" data-element_type=\"widget\" data-e-type=\"widget\" data-widget_type=\"heading.default\">\n\t\t\t\t<div class=\"elementor-widget-container\">\n\t\t\t\t\t<h2 class=\"elementor-heading-title elementor-size-default translation-block\">Savory<br>Flavors<\/h2>\t\t\t\t<\/div>\n\t\t\t\t<\/div>\n\t\t\t\t<div class=\"elementor-element elementor-element-ac85fd7 elementor-widget elementor-widget-text-editor\" data-id=\"ac85fd7\" data-element_type=\"widget\" data-e-type=\"widget\" data-widget_type=\"text-editor.default\">\n\t\t\t\t<div class=\"elementor-widget-container\">\n\t\t\t\t\t\t\t\t\t<p>Being one of the main flavors, salty is detected by the taste buds located on both sides of the front of the tongue, through ion channels.<\/p>\n<p>The threshold of salty taste is twice as low as that of sweet taste and because of this particularity, using the application of new techniques and quality raw materials, Frutiflora invested in the development of aromas that would highlight and enhance the product's flavor of our customers.<\/p>\t\t\t\t\t\t\t\t<\/div>\n\t\t\t\t<\/div>\n\t\t\t\t\t<\/div>\n\t\t<\/div>\n\t\t\t\t\t<\/div>\n\t\t<\/section>\n\t\t\t\t<section class=\"elementor-section elementor-top-section elementor-element elementor-element-77f0894 elementor-section-boxed elementor-section-height-default elementor-section-height-default\" data-id=\"77f0894\" data-element_type=\"section\" data-e-type=\"section\">\n\t\t\t\t\t\t<div class=\"elementor-container elementor-column-gap-default\">\n\t\t\t\t\t<div class=\"elementor-column elementor-col-100 elementor-top-column elementor-element elementor-element-1ce917e\" data-id=\"1ce917e\" data-element_type=\"column\" data-e-type=\"column\">\n\t\t\t<div class=\"elementor-widget-wrap elementor-element-populated\">\n\t\t\t\t\t\t<div class=\"elementor-element elementor-element-4de49ee elementor-widget elementor-widget-heading\" data-id=\"4de49ee\" data-element_type=\"widget\" data-e-type=\"widget\" data-widget_type=\"heading.default\">\n\t\t\t\t<div class=\"elementor-widget-container\">\n\t\t\t\t\t<h2 class=\"elementor-heading-title elementor-size-default\">Applications<\/h2>\t\t\t\t<\/div>\n\t\t\t\t<\/div>\n\t\t\t\t<div class=\"elementor-element elementor-element-2ef1572 elementor-nav-menu__align-justify elementor-nav-menu--dropdown-none elementor-widget elementor-widget-nav-menu\" data-id=\"2ef1572\" data-element_type=\"widget\" data-e-type=\"widget\" data-settings=\"{&quot;layout&quot;:&quot;horizontal&quot;,&quot;submenu_icon&quot;:{&quot;value&quot;:&quot;&lt;i class=\\&quot;fas fa-caret-down\\&quot; aria-hidden=\\&quot;true\\&quot;&gt;&lt;\\\/i&gt;&quot;,&quot;library&quot;:&quot;fa-solid&quot;}}\" data-widget_type=\"nav-menu.default\">\n\t\t\t\t<div class=\"elementor-widget-container\">\n\t\t\t\t\t\t\t\t<nav aria-label=\"Menu\" class=\"elementor-nav-menu--main elementor-nav-menu__container elementor-nav-menu--layout-horizontal e--pointer-framed e--animation-fade\">\n\t\t\t\t<ul id=\"menu-1-2ef1572\" class=\"elementor-nav-menu\"><li class=\"menu-item menu-item-type-post_type menu-item-object-page menu-item-364\"><a href=\"https:\/\/frutiflora.com.br\/en\/alimentos\/\" class=\"elementor-item\">Foods<\/a><\/li>\n<li class=\"menu-item menu-item-type-post_type menu-item-object-page menu-item-360\"><a href=\"https:\/\/frutiflora.com.br\/en\/laticinios\/\" class=\"elementor-item\">Dairy<\/a><\/li>\n<li class=\"menu-item menu-item-type-post_type menu-item-object-page menu-item-361\"><a href=\"https:\/\/frutiflora.com.br\/en\/snacks\/\" class=\"elementor-item\">Snacks<\/a><\/li>\n<li class=\"menu-item menu-item-type-post_type menu-item-object-page menu-item-363\"><a href=\"https:\/\/frutiflora.com.br\/en\/racao\/\" class=\"elementor-item\">Animal Food<\/a><\/li>\n<\/ul>\t\t\t<\/nav>\n\t\t\t\t\t\t<nav class=\"elementor-nav-menu--dropdown elementor-nav-menu__container\" aria-hidden=\"true\">\n\t\t\t\t<ul id=\"menu-2-2ef1572\" class=\"elementor-nav-menu\"><li class=\"menu-item menu-item-type-post_type menu-item-object-page menu-item-364\"><a href=\"https:\/\/frutiflora.com.br\/en\/alimentos\/\" class=\"elementor-item\" tabindex=\"-1\">Foods<\/a><\/li>\n<li class=\"menu-item menu-item-type-post_type menu-item-object-page menu-item-360\"><a href=\"https:\/\/frutiflora.com.br\/en\/laticinios\/\" class=\"elementor-item\" tabindex=\"-1\">Dairy<\/a><\/li>\n<li class=\"menu-item menu-item-type-post_type menu-item-object-page menu-item-361\"><a href=\"https:\/\/frutiflora.com.br\/en\/snacks\/\" class=\"elementor-item\" tabindex=\"-1\">Snacks<\/a><\/li>\n<li class=\"menu-item menu-item-type-post_type menu-item-object-page menu-item-363\"><a href=\"https:\/\/frutiflora.com.br\/en\/racao\/\" class=\"elementor-item\" tabindex=\"-1\">Animal Food<\/a><\/li>\n<\/ul>\t\t\t<\/nav>\n\t\t\t\t\t\t<\/div>\n\t\t\t\t<\/div>\n\t\t\t\t\t<\/div>\n\t\t<\/div>\n\t\t\t\t\t<\/div>\n\t\t<\/section>\n\t\t\t\t<\/div>","protected":false},"excerpt":{"rendered":"<p>AromasSalgados Sendo um dos principais sabores, o salgado \u00e9 detectado pelas papilas gustativas localizadas em ambos os lados da frente da l\u00edngua, atrav\u00e9s de canais i\u00f4nicos. O limiar do sabor salgado \u00e9 duas vezes menor que o do sabor doce e por causa dessa particularidade, se utilizando da aplica\u00e7\u00e3o de novas t\u00e9cnicas e mat\u00e9rias-primas de [&hellip;]<\/p>\n","protected":false},"author":1,"featured_media":0,"parent":0,"menu_order":0,"comment_status":"closed","ping_status":"closed","template":"elementor_header_footer","meta":{"_joinchat":{"message_send":"Ol\u00e1, gostaria de mais informa\u00e7\u00f5es sobre os Aromas Salgados da Frutiflora."},"footnotes":""},"class_list":["post-156","page","type-page","status-publish","hentry"],"yoast_head":"<!-- This site is optimized with the Yoast SEO Premium plugin v26.0 (Yoast SEO v27.2) - https:\/\/yoast.com\/product\/yoast-seo-premium-wordpress\/ -->\n<title>Salgados - Frutiflora Aromas<\/title>\n<meta name=\"robots\" content=\"index, follow, max-snippet:-1, max-image-preview:large, max-video-preview:-1\" \/>\n<link rel=\"canonical\" href=\"https:\/\/frutiflora.com.br\/en\/aromas-salgados\/\" \/>\n<meta property=\"og:locale\" content=\"en_US\" \/>\n<meta property=\"og:type\" content=\"article\" \/>\n<meta property=\"og:title\" content=\"Salgados\" \/>\n<meta property=\"og:description\" content=\"AromasSalgados Sendo um dos principais sabores, o salgado \u00e9 detectado pelas papilas gustativas localizadas em ambos os lados da frente da l\u00edngua, atrav\u00e9s de canais i\u00f4nicos. O limiar do sabor salgado \u00e9 duas vezes menor que o do sabor doce e por causa dessa particularidade, se utilizando da aplica\u00e7\u00e3o de novas t\u00e9cnicas e mat\u00e9rias-primas de [&hellip;]\" \/>\n<meta property=\"og:url\" content=\"https:\/\/frutiflora.com.br\/en\/aromas-salgados\/\" \/>\n<meta property=\"og:site_name\" content=\"Frutiflora Aromas\" \/>\n<meta property=\"article:modified_time\" content=\"2025-09-05T12:12:50+00:00\" \/>\n<meta name=\"twitter:card\" content=\"summary_large_image\" \/>\n<meta name=\"twitter:label1\" content=\"Est. reading time\" \/>\n\t<meta name=\"twitter:data1\" content=\"1 minute\" \/>\n<script type=\"application\/ld+json\" class=\"yoast-schema-graph\">{\"@context\":\"https:\/\/schema.org\",\"@graph\":[{\"@type\":\"WebPage\",\"@id\":\"https:\/\/frutiflora.com.br\/aromas-salgados\/\",\"url\":\"https:\/\/frutiflora.com.br\/aromas-salgados\/\",\"name\":\"Salgados - Frutiflora Aromas\",\"isPartOf\":{\"@id\":\"https:\/\/frutiflora.com.br\/#website\"},\"datePublished\":\"2020-10-13T23:10:06+00:00\",\"dateModified\":\"2025-09-05T12:12:50+00:00\",\"breadcrumb\":{\"@id\":\"https:\/\/frutiflora.com.br\/aromas-salgados\/#breadcrumb\"},\"inLanguage\":\"en-US\",\"potentialAction\":[{\"@type\":\"ReadAction\",\"target\":[\"https:\/\/frutiflora.com.br\/aromas-salgados\/\"]}]},{\"@type\":\"BreadcrumbList\",\"@id\":\"https:\/\/frutiflora.com.br\/aromas-salgados\/#breadcrumb\",\"itemListElement\":[{\"@type\":\"ListItem\",\"position\":1,\"name\":\"Home\",\"item\":\"https:\/\/frutiflora.com.br\/\"},{\"@type\":\"ListItem\",\"position\":2,\"name\":\"Salgados\"}]},{\"@type\":\"WebSite\",\"@id\":\"https:\/\/frutiflora.com.br\/#website\",\"url\":\"https:\/\/frutiflora.com.br\/\",\"name\":\"Frutiflora Aromas\",\"description\":\"Uma Infinidade de Sabores!\",\"potentialAction\":[{\"@type\":\"SearchAction\",\"target\":{\"@type\":\"EntryPoint\",\"urlTemplate\":\"https:\/\/frutiflora.com.br\/?s={search_term_string}\"},\"query-input\":{\"@type\":\"PropertyValueSpecification\",\"valueRequired\":true,\"valueName\":\"search_term_string\"}}],\"inLanguage\":\"en-US\"}]}<\/script>\n<!-- \/ Yoast SEO Premium plugin. -->","yoast_head_json":{"title":"Salgados - Frutiflora Aromas","robots":{"index":"index","follow":"follow","max-snippet":"max-snippet:-1","max-image-preview":"max-image-preview:large","max-video-preview":"max-video-preview:-1"},"canonical":"https:\/\/frutiflora.com.br\/en\/aromas-salgados\/","og_locale":"en_US","og_type":"article","og_title":"Salgados","og_description":"AromasSalgados Sendo um dos principais sabores, o salgado \u00e9 detectado pelas papilas gustativas localizadas em ambos os lados da frente da l\u00edngua, atrav\u00e9s de canais i\u00f4nicos. O limiar do sabor salgado \u00e9 duas vezes menor que o do sabor doce e por causa dessa particularidade, se utilizando da aplica\u00e7\u00e3o de novas t\u00e9cnicas e mat\u00e9rias-primas de [&hellip;]","og_url":"https:\/\/frutiflora.com.br\/en\/aromas-salgados\/","og_site_name":"Frutiflora Aromas","article_modified_time":"2025-09-05T12:12:50+00:00","twitter_card":"summary_large_image","twitter_misc":{"Est. reading time":"1 minute"},"schema":{"@context":"https:\/\/schema.org","@graph":[{"@type":"WebPage","@id":"https:\/\/frutiflora.com.br\/aromas-salgados\/","url":"https:\/\/frutiflora.com.br\/aromas-salgados\/","name":"Salgados - Frutiflora Aromas","isPartOf":{"@id":"https:\/\/frutiflora.com.br\/#website"},"datePublished":"2020-10-13T23:10:06+00:00","dateModified":"2025-09-05T12:12:50+00:00","breadcrumb":{"@id":"https:\/\/frutiflora.com.br\/aromas-salgados\/#breadcrumb"},"inLanguage":"en-US","potentialAction":[{"@type":"ReadAction","target":["https:\/\/frutiflora.com.br\/aromas-salgados\/"]}]},{"@type":"BreadcrumbList","@id":"https:\/\/frutiflora.com.br\/aromas-salgados\/#breadcrumb","itemListElement":[{"@type":"ListItem","position":1,"name":"Home","item":"https:\/\/frutiflora.com.br\/"},{"@type":"ListItem","position":2,"name":"Salgados"}]},{"@type":"WebSite","@id":"https:\/\/frutiflora.com.br\/#website","url":"https:\/\/frutiflora.com.br\/","name":"Frutiflora Aromas","description":"Uma Infinidade de Sabores!","potentialAction":[{"@type":"SearchAction","target":{"@type":"EntryPoint","urlTemplate":"https:\/\/frutiflora.com.br\/?s={search_term_string}"},"query-input":{"@type":"PropertyValueSpecification","valueRequired":true,"valueName":"search_term_string"}}],"inLanguage":"en-US"}]}},"_links":{"self":[{"href":"https:\/\/frutiflora.com.br\/en\/wp-json\/wp\/v2\/pages\/156","targetHints":{"allow":["GET"]}}],"collection":[{"href":"https:\/\/frutiflora.com.br\/en\/wp-json\/wp\/v2\/pages"}],"about":[{"href":"https:\/\/frutiflora.com.br\/en\/wp-json\/wp\/v2\/types\/page"}],"author":[{"embeddable":true,"href":"https:\/\/frutiflora.com.br\/en\/wp-json\/wp\/v2\/users\/1"}],"replies":[{"embeddable":true,"href":"https:\/\/frutiflora.com.br\/en\/wp-json\/wp\/v2\/comments?post=156"}],"version-history":[{"count":19,"href":"https:\/\/frutiflora.com.br\/en\/wp-json\/wp\/v2\/pages\/156\/revisions"}],"predecessor-version":[{"id":734,"href":"https:\/\/frutiflora.com.br\/en\/wp-json\/wp\/v2\/pages\/156\/revisions\/734"}],"wp:attachment":[{"href":"https:\/\/frutiflora.com.br\/en\/wp-json\/wp\/v2\/media?parent=156"}],"curies":[{"name":"wp","href":"https:\/\/api.w.org\/{rel}","templated":true}]}}