{"id":179,"date":"2020-10-13T21:04:54","date_gmt":"2020-10-14T00:04:54","guid":{"rendered":"http:\/\/frutiflora.agenciainsonia.com.br\/?page_id=179"},"modified":"2025-09-05T09:12:29","modified_gmt":"2025-09-05T12:12:29","slug":"aromas-doces","status":"publish","type":"page","link":"https:\/\/frutiflora.com.br\/en\/aromas-doces\/","title":{"rendered":"Sweets"},"content":{"rendered":"<div data-elementor-type=\"wp-page\" data-elementor-id=\"179\" class=\"elementor elementor-179\" data-elementor-post-type=\"page\">\n\t\t\t\t\t\t<section class=\"elementor-section elementor-top-section elementor-element elementor-element-98e8f82 elementor-section-boxed elementor-section-height-default elementor-section-height-default\" data-id=\"98e8f82\" data-element_type=\"section\" data-e-type=\"section\">\n\t\t\t\t\t\t<div class=\"elementor-container elementor-column-gap-default\">\n\t\t\t\t\t<div class=\"elementor-column elementor-col-50 elementor-top-column elementor-element elementor-element-29a28ad\" data-id=\"29a28ad\" data-element_type=\"column\" data-e-type=\"column\" data-settings=\"{&quot;background_background&quot;:&quot;classic&quot;}\">\n\t\t\t<div class=\"elementor-widget-wrap elementor-element-populated\">\n\t\t\t\t\t\t<div class=\"elementor-element elementor-element-4860c36 elementor-widget elementor-widget-spacer\" data-id=\"4860c36\" data-element_type=\"widget\" data-e-type=\"widget\" data-widget_type=\"spacer.default\">\n\t\t\t\t<div class=\"elementor-widget-container\">\n\t\t\t\t\t\t\t<div class=\"elementor-spacer\">\n\t\t\t<div class=\"elementor-spacer-inner\"><\/div>\n\t\t<\/div>\n\t\t\t\t\t\t<\/div>\n\t\t\t\t<\/div>\n\t\t\t\t\t<\/div>\n\t\t<\/div>\n\t\t\t\t<div class=\"elementor-column elementor-col-50 elementor-top-column elementor-element elementor-element-f7b288a\" data-id=\"f7b288a\" data-element_type=\"column\" data-e-type=\"column\">\n\t\t\t<div class=\"elementor-widget-wrap elementor-element-populated\">\n\t\t\t\t\t\t<div class=\"elementor-element elementor-element-04b3aad elementor-widget elementor-widget-heading\" data-id=\"04b3aad\" data-element_type=\"widget\" data-e-type=\"widget\" data-widget_type=\"heading.default\">\n\t\t\t\t<div class=\"elementor-widget-container\">\n\t\t\t\t\t<h2 class=\"elementor-heading-title elementor-size-default translation-block\">Sweet<br>Flavors<\/h2>\t\t\t\t<\/div>\n\t\t\t\t<\/div>\n\t\t\t\t<div class=\"elementor-element elementor-element-ac85fd7 elementor-widget elementor-widget-text-editor\" data-id=\"ac85fd7\" data-element_type=\"widget\" data-e-type=\"widget\" data-widget_type=\"text-editor.default\">\n\t\t\t\t<div class=\"elementor-widget-container\">\n\t\t\t\t\t\t\t\t\t<p>Considered one of the basic tastes of humanity, sweet is globally accepted by all cultures and ethnicities as one of the most pleasant flavors.<\/p><p>It is mainly detected in the taste buds of the tip of the tongue through a highly complex process and it is with this knowledge that we are able to reproduce natural tastes for our palate through aromas.<\/p><p>Our team of aromatists and quality technicians work together to develop a huge variety of flavorings for application in sweet products.<\/p>\t\t\t\t\t\t\t\t<\/div>\n\t\t\t\t<\/div>\n\t\t\t\t\t<\/div>\n\t\t<\/div>\n\t\t\t\t\t<\/div>\n\t\t<\/section>\n\t\t\t\t<section class=\"elementor-section elementor-top-section elementor-element elementor-element-77f0894 elementor-section-boxed elementor-section-height-default elementor-section-height-default\" data-id=\"77f0894\" data-element_type=\"section\" data-e-type=\"section\">\n\t\t\t\t\t\t<div class=\"elementor-container elementor-column-gap-default\">\n\t\t\t\t\t<div class=\"elementor-column elementor-col-100 elementor-top-column elementor-element elementor-element-1ce917e\" data-id=\"1ce917e\" data-element_type=\"column\" data-e-type=\"column\">\n\t\t\t<div class=\"elementor-widget-wrap elementor-element-populated\">\n\t\t\t\t\t\t<div class=\"elementor-element elementor-element-4de49ee elementor-widget elementor-widget-heading\" data-id=\"4de49ee\" data-element_type=\"widget\" data-e-type=\"widget\" data-widget_type=\"heading.default\">\n\t\t\t\t<div class=\"elementor-widget-container\">\n\t\t\t\t\t<h2 class=\"elementor-heading-title elementor-size-default\">Applications<\/h2>\t\t\t\t<\/div>\n\t\t\t\t<\/div>\n\t\t\t\t<div class=\"elementor-element elementor-element-2ef1572 elementor-nav-menu__align-justify elementor-nav-menu--dropdown-none elementor-widget elementor-widget-nav-menu\" data-id=\"2ef1572\" data-element_type=\"widget\" data-e-type=\"widget\" data-settings=\"{&quot;layout&quot;:&quot;horizontal&quot;,&quot;submenu_icon&quot;:{&quot;value&quot;:&quot;&lt;i class=\\&quot;fas fa-caret-down\\&quot; aria-hidden=\\&quot;true\\&quot;&gt;&lt;\\\/i&gt;&quot;,&quot;library&quot;:&quot;fa-solid&quot;}}\" data-widget_type=\"nav-menu.default\">\n\t\t\t\t<div class=\"elementor-widget-container\">\n\t\t\t\t\t\t\t\t<nav aria-label=\"Menu\" class=\"elementor-nav-menu--main elementor-nav-menu__container elementor-nav-menu--layout-horizontal e--pointer-framed e--animation-fade\">\n\t\t\t\t<ul id=\"menu-1-2ef1572\" class=\"elementor-nav-menu\"><li class=\"menu-item menu-item-type-post_type menu-item-object-page menu-item-358\"><a href=\"https:\/\/frutiflora.com.br\/en\/alimentos\/\" class=\"elementor-item\">Foods<\/a><\/li>\n<li class=\"menu-item menu-item-type-post_type menu-item-object-page menu-item-359\"><a href=\"https:\/\/frutiflora.com.br\/en\/aplicacoes-bebidas\/\" class=\"elementor-item\">Beverages<\/a><\/li>\n<li class=\"menu-item menu-item-type-post_type menu-item-object-page menu-item-354\"><a href=\"https:\/\/frutiflora.com.br\/en\/confeitaria\/\" class=\"elementor-item\">Bakery<\/a><\/li>\n<li class=\"menu-item menu-item-type-post_type menu-item-object-page menu-item-352\"><a href=\"https:\/\/frutiflora.com.br\/en\/laticinios\/\" class=\"elementor-item\">Dairy<\/a><\/li>\n<li class=\"menu-item menu-item-type-post_type menu-item-object-page menu-item-353\"><a href=\"https:\/\/frutiflora.com.br\/en\/snacks\/\" class=\"elementor-item\">Snacks<\/a><\/li>\n<li class=\"menu-item menu-item-type-post_type menu-item-object-page menu-item-355\"><a href=\"https:\/\/frutiflora.com.br\/en\/sobremesas\/\" class=\"elementor-item\">Desserts<\/a><\/li>\n<li class=\"menu-item menu-item-type-post_type menu-item-object-page menu-item-356\"><a href=\"https:\/\/frutiflora.com.br\/en\/suplementos\/\" class=\"elementor-item\">Food Supplements<\/a><\/li>\n<li class=\"menu-item menu-item-type-post_type menu-item-object-page menu-item-357\"><a href=\"https:\/\/frutiflora.com.br\/en\/racao\/\" class=\"elementor-item\">Animal Food<\/a><\/li>\n<\/ul>\t\t\t<\/nav>\n\t\t\t\t\t\t<nav class=\"elementor-nav-menu--dropdown elementor-nav-menu__container\" aria-hidden=\"true\">\n\t\t\t\t<ul id=\"menu-2-2ef1572\" class=\"elementor-nav-menu\"><li class=\"menu-item menu-item-type-post_type menu-item-object-page menu-item-358\"><a href=\"https:\/\/frutiflora.com.br\/en\/alimentos\/\" class=\"elementor-item\" tabindex=\"-1\">Foods<\/a><\/li>\n<li class=\"menu-item menu-item-type-post_type menu-item-object-page menu-item-359\"><a href=\"https:\/\/frutiflora.com.br\/en\/aplicacoes-bebidas\/\" class=\"elementor-item\" tabindex=\"-1\">Beverages<\/a><\/li>\n<li class=\"menu-item menu-item-type-post_type menu-item-object-page menu-item-354\"><a href=\"https:\/\/frutiflora.com.br\/en\/confeitaria\/\" class=\"elementor-item\" tabindex=\"-1\">Bakery<\/a><\/li>\n<li class=\"menu-item menu-item-type-post_type menu-item-object-page menu-item-352\"><a href=\"https:\/\/frutiflora.com.br\/en\/laticinios\/\" class=\"elementor-item\" tabindex=\"-1\">Dairy<\/a><\/li>\n<li class=\"menu-item menu-item-type-post_type menu-item-object-page menu-item-353\"><a href=\"https:\/\/frutiflora.com.br\/en\/snacks\/\" class=\"elementor-item\" tabindex=\"-1\">Snacks<\/a><\/li>\n<li class=\"menu-item menu-item-type-post_type menu-item-object-page menu-item-355\"><a href=\"https:\/\/frutiflora.com.br\/en\/sobremesas\/\" class=\"elementor-item\" tabindex=\"-1\">Desserts<\/a><\/li>\n<li class=\"menu-item menu-item-type-post_type menu-item-object-page menu-item-356\"><a href=\"https:\/\/frutiflora.com.br\/en\/suplementos\/\" class=\"elementor-item\" tabindex=\"-1\">Food Supplements<\/a><\/li>\n<li class=\"menu-item menu-item-type-post_type menu-item-object-page menu-item-357\"><a href=\"https:\/\/frutiflora.com.br\/en\/racao\/\" class=\"elementor-item\" tabindex=\"-1\">Animal Food<\/a><\/li>\n<\/ul>\t\t\t<\/nav>\n\t\t\t\t\t\t<\/div>\n\t\t\t\t<\/div>\n\t\t\t\t\t<\/div>\n\t\t<\/div>\n\t\t\t\t\t<\/div>\n\t\t<\/section>\n\t\t\t\t<\/div>","protected":false},"excerpt":{"rendered":"<p>AromasDoces Considerado um dos gostos b\u00e1sicos da humanidade, o doce \u00e9 globalmente aceito por todas as culturas e etnias como um dos sabores mais agrad\u00e1veis. Ele \u00e9 principalmente detectado nas papilas degustativas da ponta da l\u00edngua atrav\u00e9s de um processo altamente complexo e \u00e9 com este conhecimento que conseguimos reproduzir gostos naturais para o nosso [&hellip;]<\/p>\n","protected":false},"author":1,"featured_media":0,"parent":0,"menu_order":0,"comment_status":"closed","ping_status":"closed","template":"elementor_header_footer","meta":{"_joinchat":{"message_send":"Ol\u00e1, gostaria de mais informa\u00e7\u00f5es sobre os Aromas Doces da Frutiflora."},"footnotes":""},"class_list":["post-179","page","type-page","status-publish","hentry"],"yoast_head":"<!-- This site is optimized with the Yoast SEO Premium plugin v26.0 (Yoast SEO v27.2) - https:\/\/yoast.com\/product\/yoast-seo-premium-wordpress\/ -->\n<title>Doces - Frutiflora Aromas<\/title>\n<meta name=\"robots\" content=\"index, follow, max-snippet:-1, max-image-preview:large, max-video-preview:-1\" \/>\n<link rel=\"canonical\" href=\"https:\/\/frutiflora.com.br\/en\/aromas-doces\/\" \/>\n<meta property=\"og:locale\" content=\"en_US\" \/>\n<meta property=\"og:type\" content=\"article\" \/>\n<meta property=\"og:title\" content=\"Doces\" \/>\n<meta property=\"og:description\" content=\"AromasDoces Considerado um dos gostos b\u00e1sicos da humanidade, o doce \u00e9 globalmente aceito por todas as culturas e etnias como um dos sabores mais agrad\u00e1veis. Ele \u00e9 principalmente detectado nas papilas degustativas da ponta da l\u00edngua atrav\u00e9s de um processo altamente complexo e \u00e9 com este conhecimento que conseguimos reproduzir gostos naturais para o nosso [&hellip;]\" \/>\n<meta property=\"og:url\" content=\"https:\/\/frutiflora.com.br\/en\/aromas-doces\/\" \/>\n<meta property=\"og:site_name\" content=\"Frutiflora Aromas\" \/>\n<meta property=\"article:modified_time\" content=\"2025-09-05T12:12:29+00:00\" \/>\n<meta name=\"twitter:card\" content=\"summary_large_image\" \/>\n<meta name=\"twitter:label1\" content=\"Est. reading time\" \/>\n\t<meta name=\"twitter:data1\" content=\"1 minute\" \/>\n<script type=\"application\/ld+json\" class=\"yoast-schema-graph\">{\"@context\":\"https:\/\/schema.org\",\"@graph\":[{\"@type\":\"WebPage\",\"@id\":\"https:\/\/frutiflora.com.br\/aromas-doces\/\",\"url\":\"https:\/\/frutiflora.com.br\/aromas-doces\/\",\"name\":\"Doces - Frutiflora Aromas\",\"isPartOf\":{\"@id\":\"https:\/\/frutiflora.com.br\/#website\"},\"datePublished\":\"2020-10-14T00:04:54+00:00\",\"dateModified\":\"2025-09-05T12:12:29+00:00\",\"breadcrumb\":{\"@id\":\"https:\/\/frutiflora.com.br\/aromas-doces\/#breadcrumb\"},\"inLanguage\":\"en-US\",\"potentialAction\":[{\"@type\":\"ReadAction\",\"target\":[\"https:\/\/frutiflora.com.br\/aromas-doces\/\"]}]},{\"@type\":\"BreadcrumbList\",\"@id\":\"https:\/\/frutiflora.com.br\/aromas-doces\/#breadcrumb\",\"itemListElement\":[{\"@type\":\"ListItem\",\"position\":1,\"name\":\"Home\",\"item\":\"https:\/\/frutiflora.com.br\/\"},{\"@type\":\"ListItem\",\"position\":2,\"name\":\"Doces\"}]},{\"@type\":\"WebSite\",\"@id\":\"https:\/\/frutiflora.com.br\/#website\",\"url\":\"https:\/\/frutiflora.com.br\/\",\"name\":\"Frutiflora Aromas\",\"description\":\"Uma Infinidade de Sabores!\",\"potentialAction\":[{\"@type\":\"SearchAction\",\"target\":{\"@type\":\"EntryPoint\",\"urlTemplate\":\"https:\/\/frutiflora.com.br\/?s={search_term_string}\"},\"query-input\":{\"@type\":\"PropertyValueSpecification\",\"valueRequired\":true,\"valueName\":\"search_term_string\"}}],\"inLanguage\":\"en-US\"}]}<\/script>\n<!-- \/ Yoast SEO Premium plugin. -->","yoast_head_json":{"title":"Doces - Frutiflora Aromas","robots":{"index":"index","follow":"follow","max-snippet":"max-snippet:-1","max-image-preview":"max-image-preview:large","max-video-preview":"max-video-preview:-1"},"canonical":"https:\/\/frutiflora.com.br\/en\/aromas-doces\/","og_locale":"en_US","og_type":"article","og_title":"Doces","og_description":"AromasDoces Considerado um dos gostos b\u00e1sicos da humanidade, o doce \u00e9 globalmente aceito por todas as culturas e etnias como um dos sabores mais agrad\u00e1veis. Ele \u00e9 principalmente detectado nas papilas degustativas da ponta da l\u00edngua atrav\u00e9s de um processo altamente complexo e \u00e9 com este conhecimento que conseguimos reproduzir gostos naturais para o nosso [&hellip;]","og_url":"https:\/\/frutiflora.com.br\/en\/aromas-doces\/","og_site_name":"Frutiflora Aromas","article_modified_time":"2025-09-05T12:12:29+00:00","twitter_card":"summary_large_image","twitter_misc":{"Est. reading time":"1 minute"},"schema":{"@context":"https:\/\/schema.org","@graph":[{"@type":"WebPage","@id":"https:\/\/frutiflora.com.br\/aromas-doces\/","url":"https:\/\/frutiflora.com.br\/aromas-doces\/","name":"Doces - Frutiflora Aromas","isPartOf":{"@id":"https:\/\/frutiflora.com.br\/#website"},"datePublished":"2020-10-14T00:04:54+00:00","dateModified":"2025-09-05T12:12:29+00:00","breadcrumb":{"@id":"https:\/\/frutiflora.com.br\/aromas-doces\/#breadcrumb"},"inLanguage":"en-US","potentialAction":[{"@type":"ReadAction","target":["https:\/\/frutiflora.com.br\/aromas-doces\/"]}]},{"@type":"BreadcrumbList","@id":"https:\/\/frutiflora.com.br\/aromas-doces\/#breadcrumb","itemListElement":[{"@type":"ListItem","position":1,"name":"Home","item":"https:\/\/frutiflora.com.br\/"},{"@type":"ListItem","position":2,"name":"Doces"}]},{"@type":"WebSite","@id":"https:\/\/frutiflora.com.br\/#website","url":"https:\/\/frutiflora.com.br\/","name":"Frutiflora Aromas","description":"Uma Infinidade de Sabores!","potentialAction":[{"@type":"SearchAction","target":{"@type":"EntryPoint","urlTemplate":"https:\/\/frutiflora.com.br\/?s={search_term_string}"},"query-input":{"@type":"PropertyValueSpecification","valueRequired":true,"valueName":"search_term_string"}}],"inLanguage":"en-US"}]}},"_links":{"self":[{"href":"https:\/\/frutiflora.com.br\/en\/wp-json\/wp\/v2\/pages\/179","targetHints":{"allow":["GET"]}}],"collection":[{"href":"https:\/\/frutiflora.com.br\/en\/wp-json\/wp\/v2\/pages"}],"about":[{"href":"https:\/\/frutiflora.com.br\/en\/wp-json\/wp\/v2\/types\/page"}],"author":[{"embeddable":true,"href":"https:\/\/frutiflora.com.br\/en\/wp-json\/wp\/v2\/users\/1"}],"replies":[{"embeddable":true,"href":"https:\/\/frutiflora.com.br\/en\/wp-json\/wp\/v2\/comments?post=179"}],"version-history":[{"count":14,"href":"https:\/\/frutiflora.com.br\/en\/wp-json\/wp\/v2\/pages\/179\/revisions"}],"predecessor-version":[{"id":725,"href":"https:\/\/frutiflora.com.br\/en\/wp-json\/wp\/v2\/pages\/179\/revisions\/725"}],"wp:attachment":[{"href":"https:\/\/frutiflora.com.br\/en\/wp-json\/wp\/v2\/media?parent=179"}],"curies":[{"name":"wp","href":"https:\/\/api.w.org\/{rel}","templated":true}]}}