{"id":24,"date":"2020-10-04T09:33:36","date_gmt":"2020-10-04T12:33:36","guid":{"rendered":"http:\/\/frutiflora.agenciainsonia.com.br\/?page_id=24"},"modified":"2020-12-01T13:20:07","modified_gmt":"2020-12-01T16:20:07","slug":"produtos","status":"publish","type":"page","link":"https:\/\/frutiflora.com.br\/en\/produtos\/","title":{"rendered":"Products"},"content":{"rendered":"<div data-elementor-type=\"wp-page\" data-elementor-id=\"24\" class=\"elementor elementor-24\" data-elementor-post-type=\"page\">\n\t\t\t\t\t\t<section class=\"elementor-section elementor-top-section elementor-element elementor-element-98e8f82 elementor-section-boxed elementor-section-height-default elementor-section-height-default\" data-id=\"98e8f82\" data-element_type=\"section\" data-e-type=\"section\">\n\t\t\t\t\t\t<div class=\"elementor-container elementor-column-gap-default\">\n\t\t\t\t\t<div class=\"elementor-column elementor-col-100 elementor-top-column elementor-element elementor-element-f7b288a\" data-id=\"f7b288a\" data-element_type=\"column\" data-e-type=\"column\">\n\t\t\t<div class=\"elementor-widget-wrap elementor-element-populated\">\n\t\t\t\t\t\t<div class=\"elementor-element elementor-element-04b3aad elementor-widget elementor-widget-heading\" data-id=\"04b3aad\" data-element_type=\"widget\" data-e-type=\"widget\" data-widget_type=\"heading.default\">\n\t\t\t\t<div class=\"elementor-widget-container\">\n\t\t\t\t\t<h2 class=\"elementor-heading-title elementor-size-default\">Learn About Our Products<\/h2>\t\t\t\t<\/div>\n\t\t\t\t<\/div>\n\t\t\t\t<div class=\"elementor-element elementor-element-ac85fd7 elementor-widget elementor-widget-text-editor\" data-id=\"ac85fd7\" data-element_type=\"widget\" data-e-type=\"widget\" data-widget_type=\"text-editor.default\">\n\t\t\t\t<div class=\"elementor-widget-container\">\n\t\t\t\t\t\t\t\t\t<p>Frutiflora has a vast number of aromas in its portfolio, serving all different segments. In addition, we are at the disposal of our customers to open new projects that meet all their needs.<\/p>\t\t\t\t\t\t\t\t<\/div>\n\t\t\t\t<\/div>\n\t\t\t\t<div class=\"elementor-element elementor-element-8142929 elementor-widget elementor-widget-text-editor\" data-id=\"8142929\" data-element_type=\"widget\" data-e-type=\"widget\" data-widget_type=\"text-editor.default\">\n\t\t\t\t<div class=\"elementor-widget-container\">\n\t\t\t\t\t\t\t\t\t<p><u>Selecione abaixo um de nossos produtos<\/u> para conhecer<br \/>mais sobre suas aplica\u00e7\u00f5es e possibilidades:<\/p>\t\t\t\t\t\t\t\t<\/div>\n\t\t\t\t<\/div>\n\t\t\t\t\t<\/div>\n\t\t<\/div>\n\t\t\t\t\t<\/div>\n\t\t<\/section>\n\t\t\t\t<section class=\"elementor-section elementor-top-section elementor-element elementor-element-cfb2109 elementor-section-full_width elementor-section-height-default elementor-section-height-default\" data-id=\"cfb2109\" data-element_type=\"section\" data-e-type=\"section\">\n\t\t\t\t\t\t<div class=\"elementor-container elementor-column-gap-no\">\n\t\t\t\t\t<div class=\"elementor-column elementor-col-50 elementor-top-column elementor-element elementor-element-fa40f2e\" data-id=\"fa40f2e\" data-element_type=\"column\" data-e-type=\"column\" data-settings=\"{&quot;background_background&quot;:&quot;classic&quot;}\">\n\t\t\t<div class=\"elementor-widget-wrap elementor-element-populated\">\n\t\t\t\t\t\t<div class=\"elementor-element elementor-element-a286004 elementor-flip-box--effect-flip elementor-flip-box--direction-up elementor-widget elementor-widget-flip-box\" data-id=\"a286004\" data-element_type=\"widget\" data-e-type=\"widget\" data-widget_type=\"flip-box.default\">\n\t\t\t\t<div class=\"elementor-widget-container\">\n\t\t\t\t\t\t\t<div class=\"elementor-flip-box\" tabindex=\"0\">\n\t\t\t<div class=\"elementor-flip-box__layer elementor-flip-box__front\">\n\t\t\t\t<div class=\"elementor-flip-box__layer__overlay\">\n\t\t\t\t\t<div class=\"elementor-flip-box__layer__inner\">\n\t\t\t\t\t\t\n\t\t\t\t\t\t\t\t\t\t\t\t\t<h3 class=\"elementor-flip-box__layer__title\">\n\t\t\t\t\t\t\t\tSweet Flavors\t\t\t\t\t\t\t<\/h3>\n\t\t\t\t\t\t\n\t\t\t\t\t\t\t\t\t\t\t<\/div>\n\t\t\t\t<\/div>\n\t\t\t<\/div>\n\t\t\t<a class=\"elementor-flip-box__layer elementor-flip-box__back\" href=\"\/en\/aromas-doces\/\">\n\t\t\t<div class=\"elementor-flip-box__layer__overlay\">\n\t\t\t\t<div class=\"elementor-flip-box__layer__inner\">\n\t\t\t\t\t\t\t\t\t\t\t<h3 class=\"elementor-flip-box__layer__title\">\n\t\t\t\t\t\t\tSweet Flavors\t\t\t\t\t\t<\/h3>\n\t\t\t\t\t\n\t\t\t\t\t\n\t\t\t\t\t\t\t\t\t\t\t<span class=\"elementor-flip-box__button elementor-button elementor-size-sm\">\n\t\t\t\t\t\t\tFind Out More\t\t\t\t\t\t<\/span>\n\t\t\t\t\t\t\t\t<\/div>\n\t\t<\/div>\n\t\t<\/a>\n\t\t<\/div>\n\t\t\t\t\t\t<\/div>\n\t\t\t\t<\/div>\n\t\t\t\t\t<\/div>\n\t\t<\/div>\n\t\t\t\t<div class=\"elementor-column elementor-col-50 elementor-top-column elementor-element elementor-element-2fdbb69\" data-id=\"2fdbb69\" data-element_type=\"column\" data-e-type=\"column\" data-settings=\"{&quot;background_background&quot;:&quot;classic&quot;}\">\n\t\t\t<div class=\"elementor-widget-wrap elementor-element-populated\">\n\t\t\t\t\t\t<div class=\"elementor-element elementor-element-62a4984 elementor-flip-box--effect-flip elementor-flip-box--direction-up elementor-widget elementor-widget-flip-box\" data-id=\"62a4984\" data-element_type=\"widget\" data-e-type=\"widget\" data-widget_type=\"flip-box.default\">\n\t\t\t\t<div class=\"elementor-widget-container\">\n\t\t\t\t\t\t\t<div class=\"elementor-flip-box\" tabindex=\"0\">\n\t\t\t<div class=\"elementor-flip-box__layer elementor-flip-box__front\">\n\t\t\t\t<div class=\"elementor-flip-box__layer__overlay\">\n\t\t\t\t\t<div class=\"elementor-flip-box__layer__inner\">\n\t\t\t\t\t\t\n\t\t\t\t\t\t\t\t\t\t\t\t\t<h3 class=\"elementor-flip-box__layer__title\">\n\t\t\t\t\t\t\t\tSavory Flavors\t\t\t\t\t\t\t<\/h3>\n\t\t\t\t\t\t\n\t\t\t\t\t\t\t\t\t\t\t<\/div>\n\t\t\t\t<\/div>\n\t\t\t<\/div>\n\t\t\t<a class=\"elementor-flip-box__layer elementor-flip-box__back\" href=\"\/en\/aromas-salgados\/\">\n\t\t\t<div class=\"elementor-flip-box__layer__overlay\">\n\t\t\t\t<div class=\"elementor-flip-box__layer__inner\">\n\t\t\t\t\t\t\t\t\t\t\t<h3 class=\"elementor-flip-box__layer__title\">\n\t\t\t\t\t\t\tSavory Flavors\t\t\t\t\t\t<\/h3>\n\t\t\t\t\t\n\t\t\t\t\t\n\t\t\t\t\t\t\t\t\t\t\t<span class=\"elementor-flip-box__button elementor-button elementor-size-sm\">\n\t\t\t\t\t\t\tFind Out More\t\t\t\t\t\t<\/span>\n\t\t\t\t\t\t\t\t<\/div>\n\t\t<\/div>\n\t\t<\/a>\n\t\t<\/div>\n\t\t\t\t\t\t<\/div>\n\t\t\t\t<\/div>\n\t\t\t\t\t<\/div>\n\t\t<\/div>\n\t\t\t\t\t<\/div>\n\t\t<\/section>\n\t\t\t\t<\/div>","protected":false},"excerpt":{"rendered":"<p>Conhe\u00e7a nossos produtos A Frutiflora cont\u00e9m um vasto n\u00famero de aromas em seu portf\u00f3lio, atendendo a todos os diferentes segmentos. Al\u00e9m disso, estamos \u00e0 disposi\u00e7\u00e3o de nossos clientes para abrir novos projetos que atendam todas as suas necessidades. Selecione abaixo um de nossos produtos para conhecermais sobre suas aplica\u00e7\u00f5es e possibilidades: Aromas Doces Aromas Doces [&hellip;]<\/p>\n","protected":false},"author":1,"featured_media":0,"parent":0,"menu_order":0,"comment_status":"closed","ping_status":"closed","template":"elementor_header_footer","meta":{"_joinchat":[],"footnotes":""},"class_list":["post-24","page","type-page","status-publish","hentry"],"yoast_head":"<!-- This site is optimized with the Yoast SEO Premium plugin v26.0 (Yoast SEO v27.2) - https:\/\/yoast.com\/product\/yoast-seo-premium-wordpress\/ -->\n<title>Produtos - Frutiflora Aromas<\/title>\n<meta name=\"robots\" content=\"index, follow, max-snippet:-1, max-image-preview:large, max-video-preview:-1\" \/>\n<link rel=\"canonical\" href=\"https:\/\/frutiflora.com.br\/en\/produtos\/\" \/>\n<meta property=\"og:locale\" content=\"en_US\" \/>\n<meta property=\"og:type\" content=\"article\" \/>\n<meta property=\"og:title\" content=\"Produtos\" \/>\n<meta property=\"og:description\" content=\"Conhe\u00e7a nossos produtos A Frutiflora cont\u00e9m um vasto n\u00famero de aromas em seu portf\u00f3lio, atendendo a todos os diferentes segmentos. Al\u00e9m disso, estamos \u00e0 disposi\u00e7\u00e3o de nossos clientes para abrir novos projetos que atendam todas as suas necessidades. Selecione abaixo um de nossos produtos para conhecermais sobre suas aplica\u00e7\u00f5es e possibilidades: Aromas Doces Aromas Doces [&hellip;]\" \/>\n<meta property=\"og:url\" content=\"https:\/\/frutiflora.com.br\/en\/produtos\/\" \/>\n<meta property=\"og:site_name\" content=\"Frutiflora Aromas\" \/>\n<meta property=\"article:modified_time\" content=\"2020-12-01T16:20:07+00:00\" \/>\n<meta name=\"twitter:card\" content=\"summary_large_image\" \/>\n<script type=\"application\/ld+json\" class=\"yoast-schema-graph\">{\"@context\":\"https:\/\/schema.org\",\"@graph\":[{\"@type\":\"WebPage\",\"@id\":\"https:\/\/frutiflora.com.br\/en\/produtos\/\",\"url\":\"https:\/\/frutiflora.com.br\/en\/produtos\/\",\"name\":\"Produtos - Frutiflora Aromas\",\"isPartOf\":{\"@id\":\"https:\/\/frutiflora.com.br\/#website\"},\"datePublished\":\"2020-10-04T12:33:36+00:00\",\"dateModified\":\"2020-12-01T16:20:07+00:00\",\"breadcrumb\":{\"@id\":\"https:\/\/frutiflora.com.br\/en\/produtos\/#breadcrumb\"},\"inLanguage\":\"en-US\",\"potentialAction\":[{\"@type\":\"ReadAction\",\"target\":[\"https:\/\/frutiflora.com.br\/en\/produtos\/\"]}]},{\"@type\":\"BreadcrumbList\",\"@id\":\"https:\/\/frutiflora.com.br\/en\/produtos\/#breadcrumb\",\"itemListElement\":[{\"@type\":\"ListItem\",\"position\":1,\"name\":\"Home\",\"item\":\"https:\/\/frutiflora.com.br\/\"},{\"@type\":\"ListItem\",\"position\":2,\"name\":\"Produtos\"}]},{\"@type\":\"WebSite\",\"@id\":\"https:\/\/frutiflora.com.br\/#website\",\"url\":\"https:\/\/frutiflora.com.br\/\",\"name\":\"Frutiflora Aromas\",\"description\":\"Uma Infinidade de Sabores!\",\"potentialAction\":[{\"@type\":\"SearchAction\",\"target\":{\"@type\":\"EntryPoint\",\"urlTemplate\":\"https:\/\/frutiflora.com.br\/?s={search_term_string}\"},\"query-input\":{\"@type\":\"PropertyValueSpecification\",\"valueRequired\":true,\"valueName\":\"search_term_string\"}}],\"inLanguage\":\"en-US\"}]}<\/script>\n<!-- \/ Yoast SEO Premium plugin. -->","yoast_head_json":{"title":"Produtos - Frutiflora Aromas","robots":{"index":"index","follow":"follow","max-snippet":"max-snippet:-1","max-image-preview":"max-image-preview:large","max-video-preview":"max-video-preview:-1"},"canonical":"https:\/\/frutiflora.com.br\/en\/produtos\/","og_locale":"en_US","og_type":"article","og_title":"Produtos","og_description":"Conhe\u00e7a nossos produtos A Frutiflora cont\u00e9m um vasto n\u00famero de aromas em seu portf\u00f3lio, atendendo a todos os diferentes segmentos. Al\u00e9m disso, estamos \u00e0 disposi\u00e7\u00e3o de nossos clientes para abrir novos projetos que atendam todas as suas necessidades. Selecione abaixo um de nossos produtos para conhecermais sobre suas aplica\u00e7\u00f5es e possibilidades: Aromas Doces Aromas Doces [&hellip;]","og_url":"https:\/\/frutiflora.com.br\/en\/produtos\/","og_site_name":"Frutiflora Aromas","article_modified_time":"2020-12-01T16:20:07+00:00","twitter_card":"summary_large_image","schema":{"@context":"https:\/\/schema.org","@graph":[{"@type":"WebPage","@id":"https:\/\/frutiflora.com.br\/en\/produtos\/","url":"https:\/\/frutiflora.com.br\/en\/produtos\/","name":"Produtos - Frutiflora Aromas","isPartOf":{"@id":"https:\/\/frutiflora.com.br\/#website"},"datePublished":"2020-10-04T12:33:36+00:00","dateModified":"2020-12-01T16:20:07+00:00","breadcrumb":{"@id":"https:\/\/frutiflora.com.br\/en\/produtos\/#breadcrumb"},"inLanguage":"en-US","potentialAction":[{"@type":"ReadAction","target":["https:\/\/frutiflora.com.br\/en\/produtos\/"]}]},{"@type":"BreadcrumbList","@id":"https:\/\/frutiflora.com.br\/en\/produtos\/#breadcrumb","itemListElement":[{"@type":"ListItem","position":1,"name":"Home","item":"https:\/\/frutiflora.com.br\/"},{"@type":"ListItem","position":2,"name":"Produtos"}]},{"@type":"WebSite","@id":"https:\/\/frutiflora.com.br\/#website","url":"https:\/\/frutiflora.com.br\/","name":"Frutiflora Aromas","description":"Uma Infinidade de Sabores!","potentialAction":[{"@type":"SearchAction","target":{"@type":"EntryPoint","urlTemplate":"https:\/\/frutiflora.com.br\/?s={search_term_string}"},"query-input":{"@type":"PropertyValueSpecification","valueRequired":true,"valueName":"search_term_string"}}],"inLanguage":"en-US"}]}},"_links":{"self":[{"href":"https:\/\/frutiflora.com.br\/en\/wp-json\/wp\/v2\/pages\/24","targetHints":{"allow":["GET"]}}],"collection":[{"href":"https:\/\/frutiflora.com.br\/en\/wp-json\/wp\/v2\/pages"}],"about":[{"href":"https:\/\/frutiflora.com.br\/en\/wp-json\/wp\/v2\/types\/page"}],"author":[{"embeddable":true,"href":"https:\/\/frutiflora.com.br\/en\/wp-json\/wp\/v2\/users\/1"}],"replies":[{"embeddable":true,"href":"https:\/\/frutiflora.com.br\/en\/wp-json\/wp\/v2\/comments?post=24"}],"version-history":[{"count":17,"href":"https:\/\/frutiflora.com.br\/en\/wp-json\/wp\/v2\/pages\/24\/revisions"}],"predecessor-version":[{"id":627,"href":"https:\/\/frutiflora.com.br\/en\/wp-json\/wp\/v2\/pages\/24\/revisions\/627"}],"wp:attachment":[{"href":"https:\/\/frutiflora.com.br\/en\/wp-json\/wp\/v2\/media?parent=24"}],"curies":[{"name":"wp","href":"https:\/\/api.w.org\/{rel}","templated":true}]}}