{"id":26,"date":"2020-10-04T09:33:50","date_gmt":"2020-10-04T12:33:50","guid":{"rendered":"http:\/\/frutiflora.agenciainsonia.com.br\/?page_id=26"},"modified":"2025-09-05T09:10:53","modified_gmt":"2025-09-05T12:10:53","slug":"aplicacoes","status":"publish","type":"page","link":"https:\/\/frutiflora.com.br\/en\/aplicacoes\/","title":{"rendered":"Applications"},"content":{"rendered":"<div data-elementor-type=\"wp-page\" data-elementor-id=\"26\" class=\"elementor elementor-26\" data-elementor-post-type=\"page\">\n\t\t\t\t\t\t<section class=\"elementor-section elementor-top-section elementor-element elementor-element-394c3db elementor-section-boxed elementor-section-height-default elementor-section-height-default\" data-id=\"394c3db\" data-element_type=\"section\" data-e-type=\"section\">\n\t\t\t\t\t\t<div class=\"elementor-container elementor-column-gap-default\">\n\t\t\t\t\t<div class=\"elementor-column elementor-col-100 elementor-top-column elementor-element elementor-element-69590ea\" data-id=\"69590ea\" data-element_type=\"column\" data-e-type=\"column\">\n\t\t\t<div class=\"elementor-widget-wrap elementor-element-populated\">\n\t\t\t\t\t\t<div class=\"elementor-element elementor-element-d82d2f1 elementor-widget elementor-widget-heading\" data-id=\"d82d2f1\" data-element_type=\"widget\" data-e-type=\"widget\" data-widget_type=\"heading.default\">\n\t\t\t\t<div class=\"elementor-widget-container\">\n\t\t\t\t\t<h2 class=\"elementor-heading-title elementor-size-default\">Applications<\/h2>\t\t\t\t<\/div>\n\t\t\t\t<\/div>\n\t\t\t\t<div class=\"elementor-element elementor-element-18444e2 elementor-widget elementor-widget-text-editor\" data-id=\"18444e2\" data-element_type=\"widget\" data-e-type=\"widget\" data-widget_type=\"text-editor.default\">\n\t\t\t\t<div class=\"elementor-widget-container\">\n\t\t\t\t\t\t\t\t\t<p>Our priority is to create unique flavors that differentiate your brand in the market. With our expertise and variety of flavors, we have the aroma that will perfectly fit your product. In addition, we have a team at your disposal to develop a more specific profile for you, if necessary.\u00a0<\/p><p><b>Select below to learn more about the application options for our flavorings in the food sector:<\/b><\/p>\t\t\t\t\t\t\t\t<\/div>\n\t\t\t\t<\/div>\n\t\t\t\t<div class=\"elementor-element elementor-element-d9fa5e1 elementor-hidden-phone elementor-widget elementor-widget-spacer\" data-id=\"d9fa5e1\" data-element_type=\"widget\" data-e-type=\"widget\" data-widget_type=\"spacer.default\">\n\t\t\t\t<div class=\"elementor-widget-container\">\n\t\t\t\t\t\t\t<div class=\"elementor-spacer\">\n\t\t\t<div class=\"elementor-spacer-inner\"><\/div>\n\t\t<\/div>\n\t\t\t\t\t\t<\/div>\n\t\t\t\t<\/div>\n\t\t\t\t<div class=\"elementor-element elementor-element-4049dc8 elementor-nav-menu__align-justify elementor-nav-menu--dropdown-none elementor-widget elementor-widget-nav-menu\" data-id=\"4049dc8\" data-element_type=\"widget\" data-e-type=\"widget\" data-settings=\"{&quot;layout&quot;:&quot;horizontal&quot;,&quot;submenu_icon&quot;:{&quot;value&quot;:&quot;&lt;i class=\\&quot;fas fa-caret-down\\&quot; aria-hidden=\\&quot;true\\&quot;&gt;&lt;\\\/i&gt;&quot;,&quot;library&quot;:&quot;fa-solid&quot;}}\" data-widget_type=\"nav-menu.default\">\n\t\t\t\t<div class=\"elementor-widget-container\">\n\t\t\t\t\t\t\t\t<nav aria-label=\"Menu\" class=\"elementor-nav-menu--main elementor-nav-menu__container elementor-nav-menu--layout-horizontal e--pointer-framed e--animation-fade\">\n\t\t\t\t<ul id=\"menu-1-4049dc8\" class=\"elementor-nav-menu\"><li class=\"menu-item menu-item-type-post_type menu-item-object-page menu-item-358\"><a href=\"https:\/\/frutiflora.com.br\/en\/alimentos\/\" class=\"elementor-item\">Foods<\/a><\/li>\n<li class=\"menu-item menu-item-type-post_type menu-item-object-page menu-item-359\"><a href=\"https:\/\/frutiflora.com.br\/en\/aplicacoes-bebidas\/\" class=\"elementor-item\">Beverages<\/a><\/li>\n<li class=\"menu-item menu-item-type-post_type menu-item-object-page menu-item-354\"><a href=\"https:\/\/frutiflora.com.br\/en\/confeitaria\/\" class=\"elementor-item\">Bakery<\/a><\/li>\n<li class=\"menu-item menu-item-type-post_type menu-item-object-page menu-item-352\"><a href=\"https:\/\/frutiflora.com.br\/en\/laticinios\/\" class=\"elementor-item\">Dairy<\/a><\/li>\n<li class=\"menu-item menu-item-type-post_type menu-item-object-page menu-item-353\"><a href=\"https:\/\/frutiflora.com.br\/en\/snacks\/\" class=\"elementor-item\">Snacks<\/a><\/li>\n<li class=\"menu-item menu-item-type-post_type menu-item-object-page menu-item-355\"><a href=\"https:\/\/frutiflora.com.br\/en\/sobremesas\/\" class=\"elementor-item\">Desserts<\/a><\/li>\n<li class=\"menu-item menu-item-type-post_type menu-item-object-page menu-item-356\"><a href=\"https:\/\/frutiflora.com.br\/en\/suplementos\/\" class=\"elementor-item\">Food Supplements<\/a><\/li>\n<li class=\"menu-item menu-item-type-post_type menu-item-object-page menu-item-357\"><a href=\"https:\/\/frutiflora.com.br\/en\/racao\/\" class=\"elementor-item\">Animal Food<\/a><\/li>\n<\/ul>\t\t\t<\/nav>\n\t\t\t\t\t\t<nav class=\"elementor-nav-menu--dropdown elementor-nav-menu__container\" aria-hidden=\"true\">\n\t\t\t\t<ul id=\"menu-2-4049dc8\" class=\"elementor-nav-menu\"><li class=\"menu-item menu-item-type-post_type menu-item-object-page menu-item-358\"><a href=\"https:\/\/frutiflora.com.br\/en\/alimentos\/\" class=\"elementor-item\" tabindex=\"-1\">Foods<\/a><\/li>\n<li class=\"menu-item menu-item-type-post_type menu-item-object-page menu-item-359\"><a href=\"https:\/\/frutiflora.com.br\/en\/aplicacoes-bebidas\/\" class=\"elementor-item\" tabindex=\"-1\">Beverages<\/a><\/li>\n<li class=\"menu-item menu-item-type-post_type menu-item-object-page menu-item-354\"><a href=\"https:\/\/frutiflora.com.br\/en\/confeitaria\/\" class=\"elementor-item\" tabindex=\"-1\">Bakery<\/a><\/li>\n<li class=\"menu-item menu-item-type-post_type menu-item-object-page menu-item-352\"><a href=\"https:\/\/frutiflora.com.br\/en\/laticinios\/\" class=\"elementor-item\" tabindex=\"-1\">Dairy<\/a><\/li>\n<li class=\"menu-item menu-item-type-post_type menu-item-object-page menu-item-353\"><a href=\"https:\/\/frutiflora.com.br\/en\/snacks\/\" class=\"elementor-item\" tabindex=\"-1\">Snacks<\/a><\/li>\n<li class=\"menu-item menu-item-type-post_type menu-item-object-page menu-item-355\"><a href=\"https:\/\/frutiflora.com.br\/en\/sobremesas\/\" class=\"elementor-item\" tabindex=\"-1\">Desserts<\/a><\/li>\n<li class=\"menu-item menu-item-type-post_type menu-item-object-page menu-item-356\"><a href=\"https:\/\/frutiflora.com.br\/en\/suplementos\/\" class=\"elementor-item\" tabindex=\"-1\">Food Supplements<\/a><\/li>\n<li class=\"menu-item menu-item-type-post_type menu-item-object-page menu-item-357\"><a href=\"https:\/\/frutiflora.com.br\/en\/racao\/\" class=\"elementor-item\" tabindex=\"-1\">Animal Food<\/a><\/li>\n<\/ul>\t\t\t<\/nav>\n\t\t\t\t\t\t<\/div>\n\t\t\t\t<\/div>\n\t\t\t\t\t<\/div>\n\t\t<\/div>\n\t\t\t\t\t<\/div>\n\t\t<\/section>\n\t\t\t\t<\/div>","protected":false},"excerpt":{"rendered":"<p>Aplica\u00e7\u00f5es Nossa prioridade \u00e9 criar sabores \u00fanicos que diferencie a sua marca no mercado. Com a nossa expertise e variedade de sabores, temos o aroma que vai se encaixar perfeitamente no seu produto. Al\u00e9m disso, temos uma equipe \u00e0 disposi\u00e7\u00e3o para o desenvolvimento de um perfil mais espec\u00edfico para voc\u00ea, caso necess\u00e1rio.\u00a0 Selecione abaixo para [&hellip;]<\/p>\n","protected":false},"author":1,"featured_media":0,"parent":0,"menu_order":0,"comment_status":"closed","ping_status":"closed","template":"elementor_header_footer","meta":{"_joinchat":[],"footnotes":""},"class_list":["post-26","page","type-page","status-publish","hentry"],"yoast_head":"<!-- This site is optimized with the Yoast SEO Premium plugin v26.0 (Yoast SEO v27.2) - https:\/\/yoast.com\/product\/yoast-seo-premium-wordpress\/ -->\n<title>Aplica\u00e7\u00f5es - Frutiflora Aromas<\/title>\n<meta name=\"robots\" content=\"index, follow, max-snippet:-1, max-image-preview:large, max-video-preview:-1\" \/>\n<link rel=\"canonical\" href=\"https:\/\/frutiflora.com.br\/en\/aplicacoes\/\" \/>\n<meta property=\"og:locale\" content=\"en_US\" \/>\n<meta property=\"og:type\" content=\"article\" \/>\n<meta property=\"og:title\" content=\"Aplica\u00e7\u00f5es\" \/>\n<meta property=\"og:description\" content=\"Aplica\u00e7\u00f5es Nossa prioridade \u00e9 criar sabores \u00fanicos que diferencie a sua marca no mercado. Com a nossa expertise e variedade de sabores, temos o aroma que vai se encaixar perfeitamente no seu produto. Al\u00e9m disso, temos uma equipe \u00e0 disposi\u00e7\u00e3o para o desenvolvimento de um perfil mais espec\u00edfico para voc\u00ea, caso necess\u00e1rio.\u00a0 Selecione abaixo para [&hellip;]\" \/>\n<meta property=\"og:url\" content=\"https:\/\/frutiflora.com.br\/en\/aplicacoes\/\" \/>\n<meta property=\"og:site_name\" content=\"Frutiflora Aromas\" \/>\n<meta property=\"article:modified_time\" content=\"2025-09-05T12:10:53+00:00\" \/>\n<meta name=\"twitter:card\" content=\"summary_large_image\" \/>\n<meta name=\"twitter:label1\" content=\"Est. reading time\" \/>\n\t<meta name=\"twitter:data1\" content=\"1 minute\" \/>\n<script type=\"application\/ld+json\" class=\"yoast-schema-graph\">{\"@context\":\"https:\/\/schema.org\",\"@graph\":[{\"@type\":\"WebPage\",\"@id\":\"https:\/\/frutiflora.com.br\/aplicacoes\/\",\"url\":\"https:\/\/frutiflora.com.br\/aplicacoes\/\",\"name\":\"Aplica\u00e7\u00f5es - Frutiflora Aromas\",\"isPartOf\":{\"@id\":\"https:\/\/frutiflora.com.br\/#website\"},\"datePublished\":\"2020-10-04T12:33:50+00:00\",\"dateModified\":\"2025-09-05T12:10:53+00:00\",\"breadcrumb\":{\"@id\":\"https:\/\/frutiflora.com.br\/aplicacoes\/#breadcrumb\"},\"inLanguage\":\"en-US\",\"potentialAction\":[{\"@type\":\"ReadAction\",\"target\":[\"https:\/\/frutiflora.com.br\/aplicacoes\/\"]}]},{\"@type\":\"BreadcrumbList\",\"@id\":\"https:\/\/frutiflora.com.br\/aplicacoes\/#breadcrumb\",\"itemListElement\":[{\"@type\":\"ListItem\",\"position\":1,\"name\":\"Home\",\"item\":\"https:\/\/frutiflora.com.br\/\"},{\"@type\":\"ListItem\",\"position\":2,\"name\":\"Aplica\u00e7\u00f5es\"}]},{\"@type\":\"WebSite\",\"@id\":\"https:\/\/frutiflora.com.br\/#website\",\"url\":\"https:\/\/frutiflora.com.br\/\",\"name\":\"Frutiflora Aromas\",\"description\":\"Uma Infinidade de Sabores!\",\"potentialAction\":[{\"@type\":\"SearchAction\",\"target\":{\"@type\":\"EntryPoint\",\"urlTemplate\":\"https:\/\/frutiflora.com.br\/?s={search_term_string}\"},\"query-input\":{\"@type\":\"PropertyValueSpecification\",\"valueRequired\":true,\"valueName\":\"search_term_string\"}}],\"inLanguage\":\"en-US\"}]}<\/script>\n<!-- \/ Yoast SEO Premium plugin. -->","yoast_head_json":{"title":"Aplica\u00e7\u00f5es - Frutiflora Aromas","robots":{"index":"index","follow":"follow","max-snippet":"max-snippet:-1","max-image-preview":"max-image-preview:large","max-video-preview":"max-video-preview:-1"},"canonical":"https:\/\/frutiflora.com.br\/en\/aplicacoes\/","og_locale":"en_US","og_type":"article","og_title":"Aplica\u00e7\u00f5es","og_description":"Aplica\u00e7\u00f5es Nossa prioridade \u00e9 criar sabores \u00fanicos que diferencie a sua marca no mercado. Com a nossa expertise e variedade de sabores, temos o aroma que vai se encaixar perfeitamente no seu produto. Al\u00e9m disso, temos uma equipe \u00e0 disposi\u00e7\u00e3o para o desenvolvimento de um perfil mais espec\u00edfico para voc\u00ea, caso necess\u00e1rio.\u00a0 Selecione abaixo para [&hellip;]","og_url":"https:\/\/frutiflora.com.br\/en\/aplicacoes\/","og_site_name":"Frutiflora Aromas","article_modified_time":"2025-09-05T12:10:53+00:00","twitter_card":"summary_large_image","twitter_misc":{"Est. reading time":"1 minute"},"schema":{"@context":"https:\/\/schema.org","@graph":[{"@type":"WebPage","@id":"https:\/\/frutiflora.com.br\/aplicacoes\/","url":"https:\/\/frutiflora.com.br\/aplicacoes\/","name":"Aplica\u00e7\u00f5es - Frutiflora Aromas","isPartOf":{"@id":"https:\/\/frutiflora.com.br\/#website"},"datePublished":"2020-10-04T12:33:50+00:00","dateModified":"2025-09-05T12:10:53+00:00","breadcrumb":{"@id":"https:\/\/frutiflora.com.br\/aplicacoes\/#breadcrumb"},"inLanguage":"en-US","potentialAction":[{"@type":"ReadAction","target":["https:\/\/frutiflora.com.br\/aplicacoes\/"]}]},{"@type":"BreadcrumbList","@id":"https:\/\/frutiflora.com.br\/aplicacoes\/#breadcrumb","itemListElement":[{"@type":"ListItem","position":1,"name":"Home","item":"https:\/\/frutiflora.com.br\/"},{"@type":"ListItem","position":2,"name":"Aplica\u00e7\u00f5es"}]},{"@type":"WebSite","@id":"https:\/\/frutiflora.com.br\/#website","url":"https:\/\/frutiflora.com.br\/","name":"Frutiflora Aromas","description":"Uma Infinidade de Sabores!","potentialAction":[{"@type":"SearchAction","target":{"@type":"EntryPoint","urlTemplate":"https:\/\/frutiflora.com.br\/?s={search_term_string}"},"query-input":{"@type":"PropertyValueSpecification","valueRequired":true,"valueName":"search_term_string"}}],"inLanguage":"en-US"}]}},"_links":{"self":[{"href":"https:\/\/frutiflora.com.br\/en\/wp-json\/wp\/v2\/pages\/26","targetHints":{"allow":["GET"]}}],"collection":[{"href":"https:\/\/frutiflora.com.br\/en\/wp-json\/wp\/v2\/pages"}],"about":[{"href":"https:\/\/frutiflora.com.br\/en\/wp-json\/wp\/v2\/types\/page"}],"author":[{"embeddable":true,"href":"https:\/\/frutiflora.com.br\/en\/wp-json\/wp\/v2\/users\/1"}],"replies":[{"embeddable":true,"href":"https:\/\/frutiflora.com.br\/en\/wp-json\/wp\/v2\/comments?post=26"}],"version-history":[{"count":13,"href":"https:\/\/frutiflora.com.br\/en\/wp-json\/wp\/v2\/pages\/26\/revisions"}],"predecessor-version":[{"id":709,"href":"https:\/\/frutiflora.com.br\/en\/wp-json\/wp\/v2\/pages\/26\/revisions\/709"}],"wp:attachment":[{"href":"https:\/\/frutiflora.com.br\/en\/wp-json\/wp\/v2\/media?parent=26"}],"curies":[{"name":"wp","href":"https:\/\/api.w.org\/{rel}","templated":true}]}}