{"id":274,"date":"2020-11-07T14:45:21","date_gmt":"2020-11-07T17:45:21","guid":{"rendered":"http:\/\/frutiflora.agenciainsonia.com.br\/?page_id=274"},"modified":"2025-09-05T09:13:18","modified_gmt":"2025-09-05T12:13:18","slug":"sobremesas","status":"publish","type":"page","link":"https:\/\/frutiflora.com.br\/en\/sobremesas\/","title":{"rendered":"Desserts"},"content":{"rendered":"<div data-elementor-type=\"wp-page\" data-elementor-id=\"274\" class=\"elementor elementor-274\" data-elementor-post-type=\"page\">\n\t\t\t\t\t\t<section class=\"elementor-section elementor-top-section elementor-element elementor-element-394c3db elementor-section-boxed elementor-section-height-default elementor-section-height-default\" data-id=\"394c3db\" data-element_type=\"section\" data-e-type=\"section\">\n\t\t\t\t\t\t<div class=\"elementor-container elementor-column-gap-default\">\n\t\t\t\t\t<div class=\"elementor-column elementor-col-100 elementor-top-column elementor-element elementor-element-69590ea\" data-id=\"69590ea\" data-element_type=\"column\" data-e-type=\"column\">\n\t\t\t<div class=\"elementor-widget-wrap elementor-element-populated\">\n\t\t\t\t\t\t<div class=\"elementor-element elementor-element-d82d2f1 elementor-widget elementor-widget-heading\" data-id=\"d82d2f1\" data-element_type=\"widget\" data-e-type=\"widget\" data-widget_type=\"heading.default\">\n\t\t\t\t<div class=\"elementor-widget-container\">\n\t\t\t\t\t<h2 class=\"elementor-heading-title elementor-size-default\">Applications<\/h2>\t\t\t\t<\/div>\n\t\t\t\t<\/div>\n\t\t\t\t<div class=\"elementor-element elementor-element-4049dc8 elementor-nav-menu__align-justify elementor-nav-menu--dropdown-none elementor-widget elementor-widget-nav-menu\" data-id=\"4049dc8\" data-element_type=\"widget\" data-e-type=\"widget\" data-settings=\"{&quot;layout&quot;:&quot;horizontal&quot;,&quot;submenu_icon&quot;:{&quot;value&quot;:&quot;&lt;i class=\\&quot;fas fa-caret-down\\&quot; aria-hidden=\\&quot;true\\&quot;&gt;&lt;\\\/i&gt;&quot;,&quot;library&quot;:&quot;fa-solid&quot;}}\" data-widget_type=\"nav-menu.default\">\n\t\t\t\t<div class=\"elementor-widget-container\">\n\t\t\t\t\t\t\t\t<nav aria-label=\"Menu\" class=\"elementor-nav-menu--main elementor-nav-menu__container elementor-nav-menu--layout-horizontal e--pointer-framed e--animation-fade\">\n\t\t\t\t<ul id=\"menu-1-4049dc8\" class=\"elementor-nav-menu\"><li class=\"menu-item menu-item-type-post_type menu-item-object-page menu-item-358\"><a href=\"https:\/\/frutiflora.com.br\/en\/alimentos\/\" class=\"elementor-item\">Foods<\/a><\/li>\n<li class=\"menu-item menu-item-type-post_type menu-item-object-page menu-item-359\"><a href=\"https:\/\/frutiflora.com.br\/en\/aplicacoes-bebidas\/\" class=\"elementor-item\">Beverages<\/a><\/li>\n<li class=\"menu-item menu-item-type-post_type menu-item-object-page menu-item-354\"><a href=\"https:\/\/frutiflora.com.br\/en\/confeitaria\/\" class=\"elementor-item\">Bakery<\/a><\/li>\n<li class=\"menu-item menu-item-type-post_type menu-item-object-page menu-item-352\"><a href=\"https:\/\/frutiflora.com.br\/en\/laticinios\/\" class=\"elementor-item\">Dairy<\/a><\/li>\n<li class=\"menu-item menu-item-type-post_type menu-item-object-page menu-item-353\"><a href=\"https:\/\/frutiflora.com.br\/en\/snacks\/\" class=\"elementor-item\">Snacks<\/a><\/li>\n<li class=\"menu-item menu-item-type-post_type menu-item-object-page menu-item-355\"><a href=\"https:\/\/frutiflora.com.br\/en\/sobremesas\/\" class=\"elementor-item\">Desserts<\/a><\/li>\n<li class=\"menu-item menu-item-type-post_type menu-item-object-page menu-item-356\"><a href=\"https:\/\/frutiflora.com.br\/en\/suplementos\/\" class=\"elementor-item\">Food Supplements<\/a><\/li>\n<li class=\"menu-item menu-item-type-post_type menu-item-object-page menu-item-357\"><a href=\"https:\/\/frutiflora.com.br\/en\/racao\/\" class=\"elementor-item\">Animal Food<\/a><\/li>\n<\/ul>\t\t\t<\/nav>\n\t\t\t\t\t\t<nav class=\"elementor-nav-menu--dropdown elementor-nav-menu__container\" aria-hidden=\"true\">\n\t\t\t\t<ul id=\"menu-2-4049dc8\" class=\"elementor-nav-menu\"><li class=\"menu-item menu-item-type-post_type menu-item-object-page menu-item-358\"><a href=\"https:\/\/frutiflora.com.br\/en\/alimentos\/\" class=\"elementor-item\" tabindex=\"-1\">Foods<\/a><\/li>\n<li class=\"menu-item menu-item-type-post_type menu-item-object-page menu-item-359\"><a href=\"https:\/\/frutiflora.com.br\/en\/aplicacoes-bebidas\/\" class=\"elementor-item\" tabindex=\"-1\">Beverages<\/a><\/li>\n<li class=\"menu-item menu-item-type-post_type menu-item-object-page menu-item-354\"><a href=\"https:\/\/frutiflora.com.br\/en\/confeitaria\/\" class=\"elementor-item\" tabindex=\"-1\">Bakery<\/a><\/li>\n<li class=\"menu-item menu-item-type-post_type menu-item-object-page menu-item-352\"><a href=\"https:\/\/frutiflora.com.br\/en\/laticinios\/\" class=\"elementor-item\" tabindex=\"-1\">Dairy<\/a><\/li>\n<li class=\"menu-item menu-item-type-post_type menu-item-object-page menu-item-353\"><a href=\"https:\/\/frutiflora.com.br\/en\/snacks\/\" class=\"elementor-item\" tabindex=\"-1\">Snacks<\/a><\/li>\n<li class=\"menu-item menu-item-type-post_type menu-item-object-page menu-item-355\"><a href=\"https:\/\/frutiflora.com.br\/en\/sobremesas\/\" class=\"elementor-item\" tabindex=\"-1\">Desserts<\/a><\/li>\n<li class=\"menu-item menu-item-type-post_type menu-item-object-page menu-item-356\"><a href=\"https:\/\/frutiflora.com.br\/en\/suplementos\/\" class=\"elementor-item\" tabindex=\"-1\">Food Supplements<\/a><\/li>\n<li class=\"menu-item menu-item-type-post_type menu-item-object-page menu-item-357\"><a href=\"https:\/\/frutiflora.com.br\/en\/racao\/\" class=\"elementor-item\" tabindex=\"-1\">Animal Food<\/a><\/li>\n<\/ul>\t\t\t<\/nav>\n\t\t\t\t\t\t<\/div>\n\t\t\t\t<\/div>\n\t\t\t\t<section class=\"elementor-section elementor-inner-section elementor-element elementor-element-947f7f5 elementor-reverse-mobile elementor-section-boxed elementor-section-height-default elementor-section-height-default\" data-id=\"947f7f5\" data-element_type=\"section\" data-e-type=\"section\">\n\t\t\t\t\t\t<div class=\"elementor-container elementor-column-gap-default\">\n\t\t\t\t\t<div class=\"elementor-column elementor-col-50 elementor-inner-column elementor-element elementor-element-7e9f25b\" data-id=\"7e9f25b\" data-element_type=\"column\" data-e-type=\"column\" data-settings=\"{&quot;background_background&quot;:&quot;classic&quot;}\">\n\t\t\t<div class=\"elementor-widget-wrap elementor-element-populated\">\n\t\t\t\t\t\t<div class=\"elementor-element elementor-element-a03ac3a elementor-widget__width-auto elementor-view-default elementor-widget elementor-widget-icon\" data-id=\"a03ac3a\" data-element_type=\"widget\" data-e-type=\"widget\" data-widget_type=\"icon.default\">\n\t\t\t\t<div class=\"elementor-widget-container\">\n\t\t\t\t\t\t\t<div class=\"elementor-icon-wrapper\">\n\t\t\t<div class=\"elementor-icon\">\n\t\t\t<i aria-hidden=\"true\" class=\"fas fa-birthday-cake\"><\/i>\t\t\t<\/div>\n\t\t<\/div>\n\t\t\t\t\t\t<\/div>\n\t\t\t\t<\/div>\n\t\t\t\t<div class=\"elementor-element elementor-element-82b0e57 elementor-widget__width-auto elementor-widget elementor-widget-heading\" data-id=\"82b0e57\" data-element_type=\"widget\" data-e-type=\"widget\" data-widget_type=\"heading.default\">\n\t\t\t\t<div class=\"elementor-widget-container\">\n\t\t\t\t\t<h2 class=\"elementor-heading-title elementor-size-default\">Desserts<\/h2>\t\t\t\t<\/div>\n\t\t\t\t<\/div>\n\t\t\t\t<div class=\"elementor-element elementor-element-602c901 elementor-widget elementor-widget-spacer\" data-id=\"602c901\" data-element_type=\"widget\" data-e-type=\"widget\" data-widget_type=\"spacer.default\">\n\t\t\t\t<div class=\"elementor-widget-container\">\n\t\t\t\t\t\t\t<div class=\"elementor-spacer\">\n\t\t\t<div class=\"elementor-spacer-inner\"><\/div>\n\t\t<\/div>\n\t\t\t\t\t\t<\/div>\n\t\t\t\t<\/div>\n\t\t\t\t<div class=\"elementor-element elementor-element-18444e2 elementor-widget elementor-widget-text-editor\" data-id=\"18444e2\" data-element_type=\"widget\" data-e-type=\"widget\" data-widget_type=\"text-editor.default\">\n\t\t\t\t<div class=\"elementor-widget-container\">\n\t\t\t\t\t\t\t\t\tBuscando trabalhar sempre com as melhores mat\u00e9rias-primas, uma Frutiflora publicada em aromas para a hora mais esperada das refei\u00e7\u00f5es: sobremesa.\nNossos produtos transformam este momento ainda mais delicioso.\t\t\t\t\t\t\t\t<\/div>\n\t\t\t\t<\/div>\n\t\t\t\t\t<\/div>\n\t\t<\/div>\n\t\t\t\t<div class=\"elementor-column elementor-col-50 elementor-inner-column elementor-element elementor-element-ee21cc0\" data-id=\"ee21cc0\" data-element_type=\"column\" data-e-type=\"column\" data-settings=\"{&quot;background_background&quot;:&quot;classic&quot;}\">\n\t\t\t<div class=\"elementor-widget-wrap elementor-element-populated\">\n\t\t\t\t\t\t<div class=\"elementor-element elementor-element-3f08827 elementor-widget elementor-widget-spacer\" data-id=\"3f08827\" data-element_type=\"widget\" data-e-type=\"widget\" data-widget_type=\"spacer.default\">\n\t\t\t\t<div class=\"elementor-widget-container\">\n\t\t\t\t\t\t\t<div class=\"elementor-spacer\">\n\t\t\t<div class=\"elementor-spacer-inner\"><\/div>\n\t\t<\/div>\n\t\t\t\t\t\t<\/div>\n\t\t\t\t<\/div>\n\t\t\t\t\t<\/div>\n\t\t<\/div>\n\t\t\t\t\t<\/div>\n\t\t<\/section>\n\t\t\t\t<div class=\"elementor-element elementor-element-12ed5f1 gallery-spacing-custom elementor-widget elementor-widget-image-gallery\" data-id=\"12ed5f1\" data-element_type=\"widget\" data-e-type=\"widget\" data-widget_type=\"image-gallery.default\">\n\t\t\t\t<div class=\"elementor-widget-container\">\n\t\t\t\t\t\t\t<div class=\"elementor-image-gallery\">\n\t\t\t<div id='gallery-1' class='gallery galleryid-274 gallery-columns-4 gallery-size-large'><figure class='gallery-item'>\n\t\t\t<div class='gallery-icon landscape'>\n\t\t\t\t<img fetchpriority=\"high\" decoding=\"async\" width=\"782\" height=\"522\" src=\"https:\/\/frutiflora.com.br\/wp-content\/uploads\/2020\/11\/pudim-frutiflora-1-e1605835959392.jpg\" class=\"attachment-large size-large\" alt=\"\" aria-describedby=\"gallery-1-311\" srcset=\"https:\/\/frutiflora.com.br\/wp-content\/uploads\/2020\/11\/pudim-frutiflora-1-e1605835959392.jpg 782w, https:\/\/frutiflora.com.br\/wp-content\/uploads\/2020\/11\/pudim-frutiflora-1-e1605835959392-300x200.jpg 300w, https:\/\/frutiflora.com.br\/wp-content\/uploads\/2020\/11\/pudim-frutiflora-1-e1605835959392-768x513.jpg 768w\" sizes=\"(max-width: 782px) 100vw, 782px\" \/>\n\t\t\t<\/div>\n\t\t\t\t<figcaption class='wp-caption-text gallery-caption' id='gallery-1-311'>\n\t\t\t\tPuddins\n\t\t\t\t<\/figcaption><\/figure><figure class='gallery-item'>\n\t\t\t<div class='gallery-icon landscape'>\n\t\t\t\t<img decoding=\"async\" width=\"800\" height=\"532\" src=\"https:\/\/frutiflora.com.br\/wp-content\/uploads\/2020\/11\/mousse-frutiflora-2-e1605836032466.jpg\" class=\"attachment-large size-large\" alt=\"\" aria-describedby=\"gallery-1-310\" srcset=\"https:\/\/frutiflora.com.br\/wp-content\/uploads\/2020\/11\/mousse-frutiflora-2-e1605836032466.jpg 965w, https:\/\/frutiflora.com.br\/wp-content\/uploads\/2020\/11\/mousse-frutiflora-2-e1605836032466-300x200.jpg 300w, https:\/\/frutiflora.com.br\/wp-content\/uploads\/2020\/11\/mousse-frutiflora-2-e1605836032466-768x511.jpg 768w\" sizes=\"(max-width: 800px) 100vw, 800px\" \/>\n\t\t\t<\/div>\n\t\t\t\t<figcaption class='wp-caption-text gallery-caption' id='gallery-1-310'>\n\t\t\t\tMousse\n\t\t\t\t<\/figcaption><\/figure><figure class='gallery-item'>\n\t\t\t<div class='gallery-icon landscape'>\n\t\t\t\t<img decoding=\"async\" width=\"800\" height=\"534\" src=\"https:\/\/frutiflora.com.br\/wp-content\/uploads\/2020\/11\/doces-frutiflora-2.jpg\" class=\"attachment-large size-large\" alt=\"\" aria-describedby=\"gallery-1-308\" srcset=\"https:\/\/frutiflora.com.br\/wp-content\/uploads\/2020\/11\/doces-frutiflora-2.jpg 1000w, https:\/\/frutiflora.com.br\/wp-content\/uploads\/2020\/11\/doces-frutiflora-2-300x200.jpg 300w, https:\/\/frutiflora.com.br\/wp-content\/uploads\/2020\/11\/doces-frutiflora-2-768x512.jpg 768w\" sizes=\"(max-width: 800px) 100vw, 800px\" \/>\n\t\t\t<\/div>\n\t\t\t\t<figcaption class='wp-caption-text gallery-caption' id='gallery-1-308'>\n\t\t\t\tSweets\n\t\t\t\t<\/figcaption><\/figure><figure class='gallery-item'>\n\t\t\t<div class='gallery-icon landscape'>\n\t\t\t\t<img loading=\"lazy\" decoding=\"async\" width=\"800\" height=\"534\" src=\"https:\/\/frutiflora.com.br\/wp-content\/uploads\/2020\/11\/sorvetes-frutiflora-e1605836051913.jpg\" class=\"attachment-large size-large\" alt=\"\" aria-describedby=\"gallery-1-313\" srcset=\"https:\/\/frutiflora.com.br\/wp-content\/uploads\/2020\/11\/sorvetes-frutiflora-e1605836051913.jpg 952w, https:\/\/frutiflora.com.br\/wp-content\/uploads\/2020\/11\/sorvetes-frutiflora-e1605836051913-300x200.jpg 300w, https:\/\/frutiflora.com.br\/wp-content\/uploads\/2020\/11\/sorvetes-frutiflora-e1605836051913-768x512.jpg 768w\" sizes=\"(max-width: 800px) 100vw, 800px\" \/>\n\t\t\t<\/div>\n\t\t\t\t<figcaption class='wp-caption-text gallery-caption' id='gallery-1-313'>\n\t\t\t\tIce Cream\n\t\t\t\t<\/figcaption><\/figure><figure class='gallery-item'>\n\t\t\t<div class='gallery-icon landscape'>\n\t\t\t\t<img loading=\"lazy\" decoding=\"async\" width=\"797\" height=\"532\" src=\"https:\/\/frutiflora.com.br\/wp-content\/uploads\/2020\/11\/torta-frutiflora-e1605836001228.jpg\" class=\"attachment-large size-large\" alt=\"\" aria-describedby=\"gallery-1-314\" srcset=\"https:\/\/frutiflora.com.br\/wp-content\/uploads\/2020\/11\/torta-frutiflora-e1605836001228.jpg 797w, https:\/\/frutiflora.com.br\/wp-content\/uploads\/2020\/11\/torta-frutiflora-e1605836001228-300x200.jpg 300w, https:\/\/frutiflora.com.br\/wp-content\/uploads\/2020\/11\/torta-frutiflora-e1605836001228-768x513.jpg 768w\" sizes=\"(max-width: 797px) 100vw, 797px\" \/>\n\t\t\t<\/div>\n\t\t\t\t<figcaption class='wp-caption-text gallery-caption' id='gallery-1-314'>\n\t\t\t\tPies\n\t\t\t\t<\/figcaption><\/figure><figure class='gallery-item'>\n\t\t\t<div class='gallery-icon landscape'>\n\t\t\t\t<img loading=\"lazy\" decoding=\"async\" width=\"800\" height=\"534\" src=\"https:\/\/frutiflora.com.br\/wp-content\/uploads\/2020\/11\/chocolate-frutiflora.jpg\" class=\"attachment-large size-large\" alt=\"\" aria-describedby=\"gallery-1-316\" srcset=\"https:\/\/frutiflora.com.br\/wp-content\/uploads\/2020\/11\/chocolate-frutiflora.jpg 1000w, https:\/\/frutiflora.com.br\/wp-content\/uploads\/2020\/11\/chocolate-frutiflora-300x200.jpg 300w, https:\/\/frutiflora.com.br\/wp-content\/uploads\/2020\/11\/chocolate-frutiflora-768x512.jpg 768w\" sizes=\"(max-width: 800px) 100vw, 800px\" \/>\n\t\t\t<\/div>\n\t\t\t\t<figcaption class='wp-caption-text gallery-caption' id='gallery-1-316'>\n\t\t\t\tChocolate\n\t\t\t\t<\/figcaption><\/figure><figure class='gallery-item'>\n\t\t\t<div class='gallery-icon landscape'>\n\t\t\t\t<img loading=\"lazy\" decoding=\"async\" width=\"800\" height=\"534\" src=\"https:\/\/frutiflora.com.br\/wp-content\/uploads\/2020\/11\/pexels-alex-dugquem-4329844-1024x683.jpg\" class=\"attachment-large size-large\" alt=\"\" aria-describedby=\"gallery-1-317\" srcset=\"https:\/\/frutiflora.com.br\/wp-content\/uploads\/2020\/11\/pexels-alex-dugquem-4329844-1024x683.jpg 1024w, https:\/\/frutiflora.com.br\/wp-content\/uploads\/2020\/11\/pexels-alex-dugquem-4329844-300x200.jpg 300w, https:\/\/frutiflora.com.br\/wp-content\/uploads\/2020\/11\/pexels-alex-dugquem-4329844-768x512.jpg 768w, https:\/\/frutiflora.com.br\/wp-content\/uploads\/2020\/11\/pexels-alex-dugquem-4329844-1536x1024.jpg 1536w, https:\/\/frutiflora.com.br\/wp-content\/uploads\/2020\/11\/pexels-alex-dugquem-4329844-2048x1365.jpg 2048w\" sizes=\"(max-width: 800px) 100vw, 800px\" \/>\n\t\t\t<\/div>\n\t\t\t\t<figcaption class='wp-caption-text gallery-caption' id='gallery-1-317'>\n\t\t\t\tCakes\n\t\t\t\t<\/figcaption><\/figure><figure class='gallery-item'>\n\t\t\t<div class='gallery-icon landscape'>\n\t\t\t\t<img loading=\"lazy\" decoding=\"async\" width=\"760\" height=\"507\" src=\"https:\/\/frutiflora.com.br\/wp-content\/uploads\/2020\/11\/balas-frutiflora-1-e1605835928498.jpg\" class=\"attachment-large size-large\" alt=\"\" aria-describedby=\"gallery-1-305\" srcset=\"https:\/\/frutiflora.com.br\/wp-content\/uploads\/2020\/11\/balas-frutiflora-1-e1605835928498.jpg 760w, https:\/\/frutiflora.com.br\/wp-content\/uploads\/2020\/11\/balas-frutiflora-1-e1605835928498-300x200.jpg 300w\" sizes=\"(max-width: 760px) 100vw, 760px\" \/>\n\t\t\t<\/div>\n\t\t\t\t<figcaption class='wp-caption-text gallery-caption' id='gallery-1-305'>\n\t\t\t\tCandies\n\t\t\t\t<\/figcaption><\/figure><figure class='gallery-item'>\n\t\t\t<div class='gallery-icon landscape'>\n\t\t\t\t<img loading=\"lazy\" decoding=\"async\" width=\"800\" height=\"534\" src=\"https:\/\/frutiflora.com.br\/wp-content\/uploads\/2020\/11\/flan-frutiflora-1024x683.jpg\" class=\"attachment-large size-large\" alt=\"\" aria-describedby=\"gallery-1-301\" srcset=\"https:\/\/frutiflora.com.br\/wp-content\/uploads\/2020\/11\/flan-frutiflora-1024x683.jpg 1024w, https:\/\/frutiflora.com.br\/wp-content\/uploads\/2020\/11\/flan-frutiflora-300x200.jpg 300w, https:\/\/frutiflora.com.br\/wp-content\/uploads\/2020\/11\/flan-frutiflora-768x512.jpg 768w\" sizes=\"(max-width: 800px) 100vw, 800px\" \/>\n\t\t\t<\/div>\n\t\t\t\t<figcaption class='wp-caption-text gallery-caption' id='gallery-1-301'>\n\t\t\t\tFlan\n\t\t\t\t<\/figcaption><\/figure><figure class='gallery-item'>\n\t\t\t<div class='gallery-icon landscape'>\n\t\t\t\t<img loading=\"lazy\" decoding=\"async\" width=\"800\" height=\"534\" src=\"https:\/\/frutiflora.com.br\/wp-content\/uploads\/2020\/11\/recheios-e-coberturas-frutiflora.jpg\" class=\"attachment-large size-large\" alt=\"\" aria-describedby=\"gallery-1-268\" srcset=\"https:\/\/frutiflora.com.br\/wp-content\/uploads\/2020\/11\/recheios-e-coberturas-frutiflora.jpg 1000w, https:\/\/frutiflora.com.br\/wp-content\/uploads\/2020\/11\/recheios-e-coberturas-frutiflora-300x200.jpg 300w, https:\/\/frutiflora.com.br\/wp-content\/uploads\/2020\/11\/recheios-e-coberturas-frutiflora-768x512.jpg 768w\" sizes=\"(max-width: 800px) 100vw, 800px\" \/>\n\t\t\t<\/div>\n\t\t\t\t<figcaption class='wp-caption-text gallery-caption' id='gallery-1-268'>\n\t\t\t\tStuffing and Toppings\n\t\t\t\t<\/figcaption><\/figure><figure class='gallery-item'>\n\t\t\t<div class='gallery-icon landscape'>\n\t\t\t\t<img loading=\"lazy\" decoding=\"async\" width=\"800\" height=\"534\" src=\"https:\/\/frutiflora.com.br\/wp-content\/uploads\/2020\/11\/outros-aplicacoes-frutiflora-1.jpg\" class=\"attachment-large size-large\" alt=\"\" aria-describedby=\"gallery-1-431\" srcset=\"https:\/\/frutiflora.com.br\/wp-content\/uploads\/2020\/11\/outros-aplicacoes-frutiflora-1.jpg 1000w, https:\/\/frutiflora.com.br\/wp-content\/uploads\/2020\/11\/outros-aplicacoes-frutiflora-1-300x200.jpg 300w, https:\/\/frutiflora.com.br\/wp-content\/uploads\/2020\/11\/outros-aplicacoes-frutiflora-1-768x512.jpg 768w\" sizes=\"(max-width: 800px) 100vw, 800px\" \/>\n\t\t\t<\/div>\n\t\t\t\t<figcaption class='wp-caption-text gallery-caption' id='gallery-1-431'>\n\t\t\t\tOthers\n\t\t\t\t<\/figcaption><\/figure>\n\t\t<\/div>\n\t\t<\/div>\n\t\t\t\t\t\t<\/div>\n\t\t\t\t<\/div>\n\t\t\t\t\t<\/div>\n\t\t<\/div>\n\t\t\t\t\t<\/div>\n\t\t<\/section>\n\t\t\t\t<\/div>","protected":false},"excerpt":{"rendered":"<p>Aplica\u00e7\u00f5es Sobremesas Buscando trabalhar sempre com as melhores mat\u00e9rias-primas, a Frutiflora desenvolveu in\u00fameros aromas para a hora mais esperada das refei\u00e7\u00f5es: a sobremesa. Nossos produtos transformam este momento ainda mais delicioso. Pudins Mousses Doces Sorvetes Tortas Chocolate Bolos Balas Flans Recheios e Coberturas Outros<\/p>","protected":false},"author":1,"featured_media":0,"parent":0,"menu_order":0,"comment_status":"closed","ping_status":"closed","template":"elementor_header_footer","meta":{"_joinchat":{"message_send":"Ol\u00e1, gostaria de mais informa\u00e7\u00f5es sobre aplica\u00e7\u00f5es de aromas para {TITLE}"},"footnotes":""},"class_list":["post-274","page","type-page","status-publish","hentry"],"yoast_head":"<!-- This site is optimized with the Yoast SEO Premium plugin v26.0 (Yoast SEO v27.2) - https:\/\/yoast.com\/product\/yoast-seo-premium-wordpress\/ -->\n<title>Sobremesas - Frutiflora Aromas<\/title>\n<meta name=\"robots\" content=\"index, follow, max-snippet:-1, max-image-preview:large, max-video-preview:-1\" \/>\n<link rel=\"canonical\" href=\"https:\/\/frutiflora.com.br\/en\/sobremesas\/\" \/>\n<meta property=\"og:locale\" content=\"en_US\" \/>\n<meta property=\"og:type\" content=\"article\" \/>\n<meta property=\"og:title\" content=\"Sobremesas\" \/>\n<meta property=\"og:description\" content=\"Aplica\u00e7\u00f5es Sobremesas Buscando trabalhar sempre com as melhores mat\u00e9rias-primas, a Frutiflora desenvolveu in\u00fameros aromas para a hora mais esperada das refei\u00e7\u00f5es: a sobremesa. Nossos produtos transformam este momento ainda mais delicioso. Pudins Mousses Doces Sorvetes Tortas Chocolate Bolos Balas Flans Recheios e Coberturas Outros\" \/>\n<meta property=\"og:url\" content=\"https:\/\/frutiflora.com.br\/en\/sobremesas\/\" \/>\n<meta property=\"og:site_name\" content=\"Frutiflora Aromas\" \/>\n<meta property=\"article:modified_time\" content=\"2025-09-05T12:13:18+00:00\" \/>\n<meta property=\"og:image\" content=\"https:\/\/frutiflora.com.br\/wp-content\/uploads\/2020\/11\/pudim-frutiflora-1-e1605835959392.jpg\" \/>\n<meta name=\"twitter:card\" content=\"summary_large_image\" \/>\n<meta name=\"twitter:label1\" content=\"Est. reading time\" \/>\n\t<meta name=\"twitter:data1\" content=\"3 minutes\" \/>\n<script type=\"application\/ld+json\" class=\"yoast-schema-graph\">{\"@context\":\"https:\/\/schema.org\",\"@graph\":[{\"@type\":\"WebPage\",\"@id\":\"https:\/\/frutiflora.com.br\/sobremesas\/\",\"url\":\"https:\/\/frutiflora.com.br\/sobremesas\/\",\"name\":\"Sobremesas - Frutiflora Aromas\",\"isPartOf\":{\"@id\":\"https:\/\/frutiflora.com.br\/#website\"},\"primaryImageOfPage\":{\"@id\":\"https:\/\/frutiflora.com.br\/sobremesas\/#primaryimage\"},\"image\":{\"@id\":\"https:\/\/frutiflora.com.br\/sobremesas\/#primaryimage\"},\"thumbnailUrl\":\"https:\/\/frutiflora.com.br\/wp-content\/uploads\/2020\/11\/pudim-frutiflora-1-e1605835959392.jpg\",\"datePublished\":\"2020-11-07T17:45:21+00:00\",\"dateModified\":\"2025-09-05T12:13:18+00:00\",\"breadcrumb\":{\"@id\":\"https:\/\/frutiflora.com.br\/sobremesas\/#breadcrumb\"},\"inLanguage\":\"en-US\",\"potentialAction\":[{\"@type\":\"ReadAction\",\"target\":[\"https:\/\/frutiflora.com.br\/sobremesas\/\"]}]},{\"@type\":\"ImageObject\",\"inLanguage\":\"en-US\",\"@id\":\"https:\/\/frutiflora.com.br\/sobremesas\/#primaryimage\",\"url\":\"https:\/\/frutiflora.com.br\/wp-content\/uploads\/2020\/11\/pudim-frutiflora-1-e1605835959392.jpg\",\"contentUrl\":\"https:\/\/frutiflora.com.br\/wp-content\/uploads\/2020\/11\/pudim-frutiflora-1-e1605835959392.jpg\"},{\"@type\":\"BreadcrumbList\",\"@id\":\"https:\/\/frutiflora.com.br\/sobremesas\/#breadcrumb\",\"itemListElement\":[{\"@type\":\"ListItem\",\"position\":1,\"name\":\"Home\",\"item\":\"https:\/\/frutiflora.com.br\/\"},{\"@type\":\"ListItem\",\"position\":2,\"name\":\"Sobremesas\"}]},{\"@type\":\"WebSite\",\"@id\":\"https:\/\/frutiflora.com.br\/#website\",\"url\":\"https:\/\/frutiflora.com.br\/\",\"name\":\"Frutiflora Aromas\",\"description\":\"Uma Infinidade de Sabores!\",\"potentialAction\":[{\"@type\":\"SearchAction\",\"target\":{\"@type\":\"EntryPoint\",\"urlTemplate\":\"https:\/\/frutiflora.com.br\/?s={search_term_string}\"},\"query-input\":{\"@type\":\"PropertyValueSpecification\",\"valueRequired\":true,\"valueName\":\"search_term_string\"}}],\"inLanguage\":\"en-US\"}]}<\/script>\n<!-- \/ Yoast SEO Premium plugin. -->","yoast_head_json":{"title":"Sobremesas - Frutiflora Aromas","robots":{"index":"index","follow":"follow","max-snippet":"max-snippet:-1","max-image-preview":"max-image-preview:large","max-video-preview":"max-video-preview:-1"},"canonical":"https:\/\/frutiflora.com.br\/en\/sobremesas\/","og_locale":"en_US","og_type":"article","og_title":"Sobremesas","og_description":"Aplica\u00e7\u00f5es Sobremesas Buscando trabalhar sempre com as melhores mat\u00e9rias-primas, a Frutiflora desenvolveu in\u00fameros aromas para a hora mais esperada das refei\u00e7\u00f5es: a sobremesa. Nossos produtos transformam este momento ainda mais delicioso. Pudins Mousses Doces Sorvetes Tortas Chocolate Bolos Balas Flans Recheios e Coberturas Outros","og_url":"https:\/\/frutiflora.com.br\/en\/sobremesas\/","og_site_name":"Frutiflora Aromas","article_modified_time":"2025-09-05T12:13:18+00:00","og_image":[{"url":"https:\/\/frutiflora.com.br\/wp-content\/uploads\/2020\/11\/pudim-frutiflora-1-e1605835959392.jpg","type":"","width":"","height":""}],"twitter_card":"summary_large_image","twitter_misc":{"Est. reading time":"3 minutes"},"schema":{"@context":"https:\/\/schema.org","@graph":[{"@type":"WebPage","@id":"https:\/\/frutiflora.com.br\/sobremesas\/","url":"https:\/\/frutiflora.com.br\/sobremesas\/","name":"Sobremesas - Frutiflora Aromas","isPartOf":{"@id":"https:\/\/frutiflora.com.br\/#website"},"primaryImageOfPage":{"@id":"https:\/\/frutiflora.com.br\/sobremesas\/#primaryimage"},"image":{"@id":"https:\/\/frutiflora.com.br\/sobremesas\/#primaryimage"},"thumbnailUrl":"https:\/\/frutiflora.com.br\/wp-content\/uploads\/2020\/11\/pudim-frutiflora-1-e1605835959392.jpg","datePublished":"2020-11-07T17:45:21+00:00","dateModified":"2025-09-05T12:13:18+00:00","breadcrumb":{"@id":"https:\/\/frutiflora.com.br\/sobremesas\/#breadcrumb"},"inLanguage":"en-US","potentialAction":[{"@type":"ReadAction","target":["https:\/\/frutiflora.com.br\/sobremesas\/"]}]},{"@type":"ImageObject","inLanguage":"en-US","@id":"https:\/\/frutiflora.com.br\/sobremesas\/#primaryimage","url":"https:\/\/frutiflora.com.br\/wp-content\/uploads\/2020\/11\/pudim-frutiflora-1-e1605835959392.jpg","contentUrl":"https:\/\/frutiflora.com.br\/wp-content\/uploads\/2020\/11\/pudim-frutiflora-1-e1605835959392.jpg"},{"@type":"BreadcrumbList","@id":"https:\/\/frutiflora.com.br\/sobremesas\/#breadcrumb","itemListElement":[{"@type":"ListItem","position":1,"name":"Home","item":"https:\/\/frutiflora.com.br\/"},{"@type":"ListItem","position":2,"name":"Sobremesas"}]},{"@type":"WebSite","@id":"https:\/\/frutiflora.com.br\/#website","url":"https:\/\/frutiflora.com.br\/","name":"Frutiflora Aromas","description":"Uma Infinidade de Sabores!","potentialAction":[{"@type":"SearchAction","target":{"@type":"EntryPoint","urlTemplate":"https:\/\/frutiflora.com.br\/?s={search_term_string}"},"query-input":{"@type":"PropertyValueSpecification","valueRequired":true,"valueName":"search_term_string"}}],"inLanguage":"en-US"}]}},"_links":{"self":[{"href":"https:\/\/frutiflora.com.br\/en\/wp-json\/wp\/v2\/pages\/274","targetHints":{"allow":["GET"]}}],"collection":[{"href":"https:\/\/frutiflora.com.br\/en\/wp-json\/wp\/v2\/pages"}],"about":[{"href":"https:\/\/frutiflora.com.br\/en\/wp-json\/wp\/v2\/types\/page"}],"author":[{"embeddable":true,"href":"https:\/\/frutiflora.com.br\/en\/wp-json\/wp\/v2\/users\/1"}],"replies":[{"embeddable":true,"href":"https:\/\/frutiflora.com.br\/en\/wp-json\/wp\/v2\/comments?post=274"}],"version-history":[{"count":19,"href":"https:\/\/frutiflora.com.br\/en\/wp-json\/wp\/v2\/pages\/274\/revisions"}],"predecessor-version":[{"id":740,"href":"https:\/\/frutiflora.com.br\/en\/wp-json\/wp\/v2\/pages\/274\/revisions\/740"}],"wp:attachment":[{"href":"https:\/\/frutiflora.com.br\/en\/wp-json\/wp\/v2\/media?parent=274"}],"curies":[{"name":"wp","href":"https:\/\/api.w.org\/{rel}","templated":true}]}}