{"id":275,"date":"2020-11-07T14:45:23","date_gmt":"2020-11-07T17:45:23","guid":{"rendered":"http:\/\/frutiflora.agenciainsonia.com.br\/?page_id=275"},"modified":"2025-09-05T09:11:55","modified_gmt":"2025-09-05T12:11:55","slug":"confeitaria","status":"publish","type":"page","link":"https:\/\/frutiflora.com.br\/en\/confeitaria\/","title":{"rendered":"Bakery"},"content":{"rendered":"<div data-elementor-type=\"wp-page\" data-elementor-id=\"275\" class=\"elementor elementor-275\" data-elementor-post-type=\"page\">\n\t\t\t\t\t\t<section class=\"elementor-section elementor-top-section elementor-element elementor-element-394c3db elementor-section-boxed elementor-section-height-default elementor-section-height-default\" data-id=\"394c3db\" data-element_type=\"section\" data-e-type=\"section\">\n\t\t\t\t\t\t<div class=\"elementor-container elementor-column-gap-default\">\n\t\t\t\t\t<div class=\"elementor-column elementor-col-100 elementor-top-column elementor-element elementor-element-69590ea\" data-id=\"69590ea\" data-element_type=\"column\" data-e-type=\"column\">\n\t\t\t<div class=\"elementor-widget-wrap elementor-element-populated\">\n\t\t\t\t\t\t<div class=\"elementor-element elementor-element-d82d2f1 elementor-widget elementor-widget-heading\" data-id=\"d82d2f1\" data-element_type=\"widget\" data-e-type=\"widget\" data-widget_type=\"heading.default\">\n\t\t\t\t<div class=\"elementor-widget-container\">\n\t\t\t\t\t<h2 class=\"elementor-heading-title elementor-size-default\">Applications<\/h2>\t\t\t\t<\/div>\n\t\t\t\t<\/div>\n\t\t\t\t<div class=\"elementor-element elementor-element-4049dc8 elementor-nav-menu__align-justify elementor-nav-menu--dropdown-none elementor-widget elementor-widget-nav-menu\" data-id=\"4049dc8\" data-element_type=\"widget\" data-e-type=\"widget\" data-settings=\"{&quot;layout&quot;:&quot;horizontal&quot;,&quot;submenu_icon&quot;:{&quot;value&quot;:&quot;&lt;i class=\\&quot;fas fa-caret-down\\&quot; aria-hidden=\\&quot;true\\&quot;&gt;&lt;\\\/i&gt;&quot;,&quot;library&quot;:&quot;fa-solid&quot;}}\" data-widget_type=\"nav-menu.default\">\n\t\t\t\t<div class=\"elementor-widget-container\">\n\t\t\t\t\t\t\t\t<nav aria-label=\"Menu\" class=\"elementor-nav-menu--main elementor-nav-menu__container elementor-nav-menu--layout-horizontal e--pointer-framed e--animation-fade\">\n\t\t\t\t<ul id=\"menu-1-4049dc8\" class=\"elementor-nav-menu\"><li class=\"menu-item menu-item-type-post_type menu-item-object-page menu-item-358\"><a href=\"https:\/\/frutiflora.com.br\/en\/alimentos\/\" class=\"elementor-item\">Foods<\/a><\/li>\n<li class=\"menu-item menu-item-type-post_type menu-item-object-page menu-item-359\"><a href=\"https:\/\/frutiflora.com.br\/en\/aplicacoes-bebidas\/\" class=\"elementor-item\">Beverages<\/a><\/li>\n<li class=\"menu-item menu-item-type-post_type menu-item-object-page menu-item-354\"><a href=\"https:\/\/frutiflora.com.br\/en\/confeitaria\/\" class=\"elementor-item\">Bakery<\/a><\/li>\n<li class=\"menu-item menu-item-type-post_type menu-item-object-page menu-item-352\"><a href=\"https:\/\/frutiflora.com.br\/en\/laticinios\/\" class=\"elementor-item\">Dairy<\/a><\/li>\n<li class=\"menu-item menu-item-type-post_type menu-item-object-page menu-item-353\"><a href=\"https:\/\/frutiflora.com.br\/en\/snacks\/\" class=\"elementor-item\">Snacks<\/a><\/li>\n<li class=\"menu-item menu-item-type-post_type menu-item-object-page menu-item-355\"><a href=\"https:\/\/frutiflora.com.br\/en\/sobremesas\/\" class=\"elementor-item\">Desserts<\/a><\/li>\n<li class=\"menu-item menu-item-type-post_type menu-item-object-page menu-item-356\"><a href=\"https:\/\/frutiflora.com.br\/en\/suplementos\/\" class=\"elementor-item\">Food Supplements<\/a><\/li>\n<li class=\"menu-item menu-item-type-post_type menu-item-object-page menu-item-357\"><a href=\"https:\/\/frutiflora.com.br\/en\/racao\/\" class=\"elementor-item\">Animal Food<\/a><\/li>\n<\/ul>\t\t\t<\/nav>\n\t\t\t\t\t\t<nav class=\"elementor-nav-menu--dropdown elementor-nav-menu__container\" aria-hidden=\"true\">\n\t\t\t\t<ul id=\"menu-2-4049dc8\" class=\"elementor-nav-menu\"><li class=\"menu-item menu-item-type-post_type menu-item-object-page menu-item-358\"><a href=\"https:\/\/frutiflora.com.br\/en\/alimentos\/\" class=\"elementor-item\" tabindex=\"-1\">Foods<\/a><\/li>\n<li class=\"menu-item menu-item-type-post_type menu-item-object-page menu-item-359\"><a href=\"https:\/\/frutiflora.com.br\/en\/aplicacoes-bebidas\/\" class=\"elementor-item\" tabindex=\"-1\">Beverages<\/a><\/li>\n<li class=\"menu-item menu-item-type-post_type menu-item-object-page menu-item-354\"><a href=\"https:\/\/frutiflora.com.br\/en\/confeitaria\/\" class=\"elementor-item\" tabindex=\"-1\">Bakery<\/a><\/li>\n<li class=\"menu-item menu-item-type-post_type menu-item-object-page menu-item-352\"><a href=\"https:\/\/frutiflora.com.br\/en\/laticinios\/\" class=\"elementor-item\" tabindex=\"-1\">Dairy<\/a><\/li>\n<li class=\"menu-item menu-item-type-post_type menu-item-object-page menu-item-353\"><a href=\"https:\/\/frutiflora.com.br\/en\/snacks\/\" class=\"elementor-item\" tabindex=\"-1\">Snacks<\/a><\/li>\n<li class=\"menu-item menu-item-type-post_type menu-item-object-page menu-item-355\"><a href=\"https:\/\/frutiflora.com.br\/en\/sobremesas\/\" class=\"elementor-item\" tabindex=\"-1\">Desserts<\/a><\/li>\n<li class=\"menu-item menu-item-type-post_type menu-item-object-page menu-item-356\"><a href=\"https:\/\/frutiflora.com.br\/en\/suplementos\/\" class=\"elementor-item\" tabindex=\"-1\">Food Supplements<\/a><\/li>\n<li class=\"menu-item menu-item-type-post_type menu-item-object-page menu-item-357\"><a href=\"https:\/\/frutiflora.com.br\/en\/racao\/\" class=\"elementor-item\" tabindex=\"-1\">Animal Food<\/a><\/li>\n<\/ul>\t\t\t<\/nav>\n\t\t\t\t\t\t<\/div>\n\t\t\t\t<\/div>\n\t\t\t\t<section class=\"elementor-section elementor-inner-section elementor-element elementor-element-947f7f5 elementor-reverse-mobile elementor-section-boxed elementor-section-height-default elementor-section-height-default\" data-id=\"947f7f5\" data-element_type=\"section\" data-e-type=\"section\">\n\t\t\t\t\t\t<div class=\"elementor-container elementor-column-gap-default\">\n\t\t\t\t\t<div class=\"elementor-column elementor-col-50 elementor-inner-column elementor-element elementor-element-7e9f25b\" data-id=\"7e9f25b\" data-element_type=\"column\" data-e-type=\"column\" data-settings=\"{&quot;background_background&quot;:&quot;classic&quot;}\">\n\t\t\t<div class=\"elementor-widget-wrap elementor-element-populated\">\n\t\t\t\t\t\t<div class=\"elementor-element elementor-element-a03ac3a elementor-widget__width-auto elementor-view-default elementor-widget elementor-widget-icon\" data-id=\"a03ac3a\" data-element_type=\"widget\" data-e-type=\"widget\" data-widget_type=\"icon.default\">\n\t\t\t\t<div class=\"elementor-widget-container\">\n\t\t\t\t\t\t\t<div class=\"elementor-icon-wrapper\">\n\t\t\t<div class=\"elementor-icon\">\n\t\t\t<i aria-hidden=\"true\" class=\"fas fa-candy-cane\"><\/i>\t\t\t<\/div>\n\t\t<\/div>\n\t\t\t\t\t\t<\/div>\n\t\t\t\t<\/div>\n\t\t\t\t<div class=\"elementor-element elementor-element-82b0e57 elementor-widget__width-auto elementor-widget elementor-widget-heading\" data-id=\"82b0e57\" data-element_type=\"widget\" data-e-type=\"widget\" data-widget_type=\"heading.default\">\n\t\t\t\t<div class=\"elementor-widget-container\">\n\t\t\t\t\t<h2 class=\"elementor-heading-title elementor-size-default\">Bakery<\/h2>\t\t\t\t<\/div>\n\t\t\t\t<\/div>\n\t\t\t\t<div class=\"elementor-element elementor-element-602c901 elementor-widget elementor-widget-spacer\" data-id=\"602c901\" data-element_type=\"widget\" data-e-type=\"widget\" data-widget_type=\"spacer.default\">\n\t\t\t\t<div class=\"elementor-widget-container\">\n\t\t\t\t\t\t\t<div class=\"elementor-spacer\">\n\t\t\t<div class=\"elementor-spacer-inner\"><\/div>\n\t\t<\/div>\n\t\t\t\t\t\t<\/div>\n\t\t\t\t<\/div>\n\t\t\t\t<div class=\"elementor-element elementor-element-18444e2 elementor-widget elementor-widget-text-editor\" data-id=\"18444e2\" data-element_type=\"widget\" data-e-type=\"widget\" data-widget_type=\"text-editor.default\">\n\t\t\t\t<div class=\"elementor-widget-container\">\n\t\t\t\t\t\t\t\t\tConfectionery is now a very diverse and very competitive area. Therefore, it is essential that your products have tasty and quality aromas like those of Frutiflora\nto win the customer by taste.\t\t\t\t\t\t\t\t<\/div>\n\t\t\t\t<\/div>\n\t\t\t\t\t<\/div>\n\t\t<\/div>\n\t\t\t\t<div class=\"elementor-column elementor-col-50 elementor-inner-column elementor-element elementor-element-ee21cc0\" data-id=\"ee21cc0\" data-element_type=\"column\" data-e-type=\"column\" data-settings=\"{&quot;background_background&quot;:&quot;classic&quot;}\">\n\t\t\t<div class=\"elementor-widget-wrap elementor-element-populated\">\n\t\t\t\t\t\t<div class=\"elementor-element elementor-element-3da95d6 elementor-widget elementor-widget-spacer\" data-id=\"3da95d6\" data-element_type=\"widget\" data-e-type=\"widget\" data-widget_type=\"spacer.default\">\n\t\t\t\t<div class=\"elementor-widget-container\">\n\t\t\t\t\t\t\t<div class=\"elementor-spacer\">\n\t\t\t<div class=\"elementor-spacer-inner\"><\/div>\n\t\t<\/div>\n\t\t\t\t\t\t<\/div>\n\t\t\t\t<\/div>\n\t\t\t\t\t<\/div>\n\t\t<\/div>\n\t\t\t\t\t<\/div>\n\t\t<\/section>\n\t\t\t\t<div class=\"elementor-element elementor-element-5dfd3a2 gallery-spacing-custom elementor-widget elementor-widget-image-gallery\" data-id=\"5dfd3a2\" data-element_type=\"widget\" data-e-type=\"widget\" data-widget_type=\"image-gallery.default\">\n\t\t\t\t<div class=\"elementor-widget-container\">\n\t\t\t\t\t\t\t<div class=\"elementor-image-gallery\">\n\t\t\t<div id='gallery-1' class='gallery galleryid-275 gallery-columns-4 gallery-size-large'><figure class='gallery-item'>\n\t\t\t<div class='gallery-icon landscape'>\n\t\t\t\t<img fetchpriority=\"high\" decoding=\"async\" width=\"800\" height=\"534\" src=\"https:\/\/frutiflora.com.br\/wp-content\/uploads\/2020\/11\/gelatinas-frutiflora-e1605836601489.jpg\" class=\"attachment-large size-large\" alt=\"\" aria-describedby=\"gallery-1-334\" srcset=\"https:\/\/frutiflora.com.br\/wp-content\/uploads\/2020\/11\/gelatinas-frutiflora-e1605836601489.jpg 842w, https:\/\/frutiflora.com.br\/wp-content\/uploads\/2020\/11\/gelatinas-frutiflora-e1605836601489-300x200.jpg 300w, https:\/\/frutiflora.com.br\/wp-content\/uploads\/2020\/11\/gelatinas-frutiflora-e1605836601489-768x513.jpg 768w\" sizes=\"(max-width: 800px) 100vw, 800px\" \/>\n\t\t\t<\/div>\n\t\t\t\t<figcaption class='wp-caption-text gallery-caption' id='gallery-1-334'>\n\t\t\t\tJelly\n\t\t\t\t<\/figcaption><\/figure><figure class='gallery-item'>\n\t\t\t<div class='gallery-icon landscape'>\n\t\t\t\t<img decoding=\"async\" width=\"800\" height=\"534\" src=\"https:\/\/frutiflora.com.br\/wp-content\/uploads\/2020\/11\/drageados-frutiflora-e1605836630123.jpg\" class=\"attachment-large size-large\" alt=\"\" aria-describedby=\"gallery-1-333\" srcset=\"https:\/\/frutiflora.com.br\/wp-content\/uploads\/2020\/11\/drageados-frutiflora-e1605836630123.jpg 857w, https:\/\/frutiflora.com.br\/wp-content\/uploads\/2020\/11\/drageados-frutiflora-e1605836630123-300x200.jpg 300w, https:\/\/frutiflora.com.br\/wp-content\/uploads\/2020\/11\/drageados-frutiflora-e1605836630123-768x513.jpg 768w\" sizes=\"(max-width: 800px) 100vw, 800px\" \/>\n\t\t\t<\/div>\n\t\t\t\t<figcaption class='wp-caption-text gallery-caption' id='gallery-1-333'>\n\t\t\t\tDredged\n\t\t\t\t<\/figcaption><\/figure><figure class='gallery-item'>\n\t\t\t<div class='gallery-icon landscape'>\n\t\t\t\t<img decoding=\"async\" width=\"582\" height=\"388\" src=\"https:\/\/frutiflora.com.br\/wp-content\/uploads\/2020\/11\/chiclete-frutiflora-e1605836690801.png\" class=\"attachment-large size-large\" alt=\"\" aria-describedby=\"gallery-1-332\" srcset=\"https:\/\/frutiflora.com.br\/wp-content\/uploads\/2020\/11\/chiclete-frutiflora-e1605836690801.png 582w, https:\/\/frutiflora.com.br\/wp-content\/uploads\/2020\/11\/chiclete-frutiflora-e1605836690801-300x200.png 300w\" sizes=\"(max-width: 582px) 100vw, 582px\" \/>\n\t\t\t<\/div>\n\t\t\t\t<figcaption class='wp-caption-text gallery-caption' id='gallery-1-332'>\n\t\t\t\tGum\n\t\t\t\t<\/figcaption><\/figure><figure class='gallery-item'>\n\t\t\t<div class='gallery-icon landscape'>\n\t\t\t\t<img loading=\"lazy\" decoding=\"async\" width=\"760\" height=\"507\" src=\"https:\/\/frutiflora.com.br\/wp-content\/uploads\/2020\/11\/balas-frutiflora-1-e1605835928498.jpg\" class=\"attachment-large size-large\" alt=\"\" aria-describedby=\"gallery-1-305\" srcset=\"https:\/\/frutiflora.com.br\/wp-content\/uploads\/2020\/11\/balas-frutiflora-1-e1605835928498.jpg 760w, https:\/\/frutiflora.com.br\/wp-content\/uploads\/2020\/11\/balas-frutiflora-1-e1605835928498-300x200.jpg 300w\" sizes=\"(max-width: 760px) 100vw, 760px\" \/>\n\t\t\t<\/div>\n\t\t\t\t<figcaption class='wp-caption-text gallery-caption' id='gallery-1-305'>\n\t\t\t\tCandies\n\t\t\t\t<\/figcaption><\/figure><figure class='gallery-item'>\n\t\t\t<div class='gallery-icon landscape'>\n\t\t\t\t<img loading=\"lazy\" decoding=\"async\" width=\"800\" height=\"534\" src=\"https:\/\/frutiflora.com.br\/wp-content\/uploads\/2020\/11\/doces-frutiflora-1-1024x683.jpg\" class=\"attachment-large size-large\" alt=\"\" aria-describedby=\"gallery-1-300\" srcset=\"https:\/\/frutiflora.com.br\/wp-content\/uploads\/2020\/11\/doces-frutiflora-1-1024x683.jpg 1024w, https:\/\/frutiflora.com.br\/wp-content\/uploads\/2020\/11\/doces-frutiflora-1-300x200.jpg 300w, https:\/\/frutiflora.com.br\/wp-content\/uploads\/2020\/11\/doces-frutiflora-1-768x512.jpg 768w, https:\/\/frutiflora.com.br\/wp-content\/uploads\/2020\/11\/doces-frutiflora-1-1536x1024.jpg 1536w, https:\/\/frutiflora.com.br\/wp-content\/uploads\/2020\/11\/doces-frutiflora-1-2048x1365.jpg 2048w\" sizes=\"(max-width: 800px) 100vw, 800px\" \/>\n\t\t\t<\/div>\n\t\t\t\t<figcaption class='wp-caption-text gallery-caption' id='gallery-1-300'>\n\t\t\t\tSweets\n\t\t\t\t<\/figcaption><\/figure><figure class='gallery-item'>\n\t\t\t<div class='gallery-icon landscape'>\n\t\t\t\t<img loading=\"lazy\" decoding=\"async\" width=\"800\" height=\"534\" src=\"https:\/\/frutiflora.com.br\/wp-content\/uploads\/2020\/11\/pexels-alex-dugquem-4329844-1024x683.jpg\" class=\"attachment-large size-large\" alt=\"\" aria-describedby=\"gallery-1-317\" srcset=\"https:\/\/frutiflora.com.br\/wp-content\/uploads\/2020\/11\/pexels-alex-dugquem-4329844-1024x683.jpg 1024w, https:\/\/frutiflora.com.br\/wp-content\/uploads\/2020\/11\/pexels-alex-dugquem-4329844-300x200.jpg 300w, https:\/\/frutiflora.com.br\/wp-content\/uploads\/2020\/11\/pexels-alex-dugquem-4329844-768x512.jpg 768w, https:\/\/frutiflora.com.br\/wp-content\/uploads\/2020\/11\/pexels-alex-dugquem-4329844-1536x1024.jpg 1536w, https:\/\/frutiflora.com.br\/wp-content\/uploads\/2020\/11\/pexels-alex-dugquem-4329844-2048x1365.jpg 2048w\" sizes=\"(max-width: 800px) 100vw, 800px\" \/>\n\t\t\t<\/div>\n\t\t\t\t<figcaption class='wp-caption-text gallery-caption' id='gallery-1-317'>\n\t\t\t\tCakes\n\t\t\t\t<\/figcaption><\/figure><figure class='gallery-item'>\n\t\t\t<div class='gallery-icon landscape'>\n\t\t\t\t<img loading=\"lazy\" decoding=\"async\" width=\"800\" height=\"534\" src=\"https:\/\/frutiflora.com.br\/wp-content\/uploads\/2020\/11\/recheios-e-coberturas-frutiflora.jpg\" class=\"attachment-large size-large\" alt=\"\" aria-describedby=\"gallery-1-268\" srcset=\"https:\/\/frutiflora.com.br\/wp-content\/uploads\/2020\/11\/recheios-e-coberturas-frutiflora.jpg 1000w, https:\/\/frutiflora.com.br\/wp-content\/uploads\/2020\/11\/recheios-e-coberturas-frutiflora-300x200.jpg 300w, https:\/\/frutiflora.com.br\/wp-content\/uploads\/2020\/11\/recheios-e-coberturas-frutiflora-768x512.jpg 768w\" sizes=\"(max-width: 800px) 100vw, 800px\" \/>\n\t\t\t<\/div>\n\t\t\t\t<figcaption class='wp-caption-text gallery-caption' id='gallery-1-268'>\n\t\t\t\tStuffing and Toppings\n\t\t\t\t<\/figcaption><\/figure><figure class='gallery-item'>\n\t\t\t<div class='gallery-icon landscape'>\n\t\t\t\t<img loading=\"lazy\" decoding=\"async\" width=\"800\" height=\"534\" src=\"https:\/\/frutiflora.com.br\/wp-content\/uploads\/2020\/11\/outros-aplicacoes-frutiflora-1.jpg\" class=\"attachment-large size-large\" alt=\"\" aria-describedby=\"gallery-1-431\" srcset=\"https:\/\/frutiflora.com.br\/wp-content\/uploads\/2020\/11\/outros-aplicacoes-frutiflora-1.jpg 1000w, https:\/\/frutiflora.com.br\/wp-content\/uploads\/2020\/11\/outros-aplicacoes-frutiflora-1-300x200.jpg 300w, https:\/\/frutiflora.com.br\/wp-content\/uploads\/2020\/11\/outros-aplicacoes-frutiflora-1-768x512.jpg 768w\" sizes=\"(max-width: 800px) 100vw, 800px\" \/>\n\t\t\t<\/div>\n\t\t\t\t<figcaption class='wp-caption-text gallery-caption' id='gallery-1-431'>\n\t\t\t\tOthers\n\t\t\t\t<\/figcaption><\/figure>\n\t\t<\/div>\n\t\t<\/div>\n\t\t\t\t\t\t<\/div>\n\t\t\t\t<\/div>\n\t\t\t\t\t<\/div>\n\t\t<\/div>\n\t\t\t\t\t<\/div>\n\t\t<\/section>\n\t\t\t\t<\/div>","protected":false},"excerpt":{"rendered":"<p>Aplica\u00e7\u00f5es Confeitaria A confeitaria \u00e9 hoje uma \u00e1rea bem diversa e bastante competitiva. Por isso, \u00e9 essencial que seus produtos tenham aromas saborosos e de qualidade como os da Frutiflora para conquistar o cliente pelo paladar. Gelatinas Drageados Goma de Mascar Balas Doces Bolos Recheios e Coberturas Outros<\/p>","protected":false},"author":1,"featured_media":0,"parent":0,"menu_order":0,"comment_status":"closed","ping_status":"closed","template":"elementor_header_footer","meta":{"_joinchat":{"message_send":"Ol\u00e1, gostaria de mais informa\u00e7\u00f5es sobre aplica\u00e7\u00f5es de aromas para {TITLE}"},"footnotes":""},"class_list":["post-275","page","type-page","status-publish","hentry"],"yoast_head":"<!-- This site is optimized with the Yoast SEO Premium plugin v26.0 (Yoast SEO v27.2) - https:\/\/yoast.com\/product\/yoast-seo-premium-wordpress\/ -->\n<title>Confeitaria - Frutiflora Aromas<\/title>\n<meta name=\"robots\" content=\"index, follow, max-snippet:-1, max-image-preview:large, max-video-preview:-1\" \/>\n<link rel=\"canonical\" href=\"https:\/\/frutiflora.com.br\/en\/confeitaria\/\" \/>\n<meta property=\"og:locale\" content=\"en_US\" \/>\n<meta property=\"og:type\" content=\"article\" \/>\n<meta property=\"og:title\" content=\"Confeitaria\" \/>\n<meta property=\"og:description\" content=\"Aplica\u00e7\u00f5es Confeitaria A confeitaria \u00e9 hoje uma \u00e1rea bem diversa e bastante competitiva. Por isso, \u00e9 essencial que seus produtos tenham aromas saborosos e de qualidade como os da Frutiflora para conquistar o cliente pelo paladar. Gelatinas Drageados Goma de Mascar Balas Doces Bolos Recheios e Coberturas Outros\" \/>\n<meta property=\"og:url\" content=\"https:\/\/frutiflora.com.br\/en\/confeitaria\/\" \/>\n<meta property=\"og:site_name\" content=\"Frutiflora Aromas\" \/>\n<meta property=\"article:modified_time\" content=\"2025-09-05T12:11:55+00:00\" \/>\n<meta property=\"og:image\" content=\"https:\/\/frutiflora.com.br\/wp-content\/uploads\/2020\/11\/gelatinas-frutiflora-e1605836601489.jpg\" \/>\n<meta name=\"twitter:card\" content=\"summary_large_image\" \/>\n<meta name=\"twitter:label1\" content=\"Est. reading time\" \/>\n\t<meta name=\"twitter:data1\" content=\"2 minutes\" \/>\n<script type=\"application\/ld+json\" class=\"yoast-schema-graph\">{\"@context\":\"https:\/\/schema.org\",\"@graph\":[{\"@type\":\"WebPage\",\"@id\":\"https:\/\/frutiflora.com.br\/confeitaria\/\",\"url\":\"https:\/\/frutiflora.com.br\/confeitaria\/\",\"name\":\"Confeitaria - Frutiflora Aromas\",\"isPartOf\":{\"@id\":\"https:\/\/frutiflora.com.br\/#website\"},\"primaryImageOfPage\":{\"@id\":\"https:\/\/frutiflora.com.br\/confeitaria\/#primaryimage\"},\"image\":{\"@id\":\"https:\/\/frutiflora.com.br\/confeitaria\/#primaryimage\"},\"thumbnailUrl\":\"https:\/\/frutiflora.com.br\/wp-content\/uploads\/2020\/11\/gelatinas-frutiflora-e1605836601489.jpg\",\"datePublished\":\"2020-11-07T17:45:23+00:00\",\"dateModified\":\"2025-09-05T12:11:55+00:00\",\"breadcrumb\":{\"@id\":\"https:\/\/frutiflora.com.br\/confeitaria\/#breadcrumb\"},\"inLanguage\":\"en-US\",\"potentialAction\":[{\"@type\":\"ReadAction\",\"target\":[\"https:\/\/frutiflora.com.br\/confeitaria\/\"]}]},{\"@type\":\"ImageObject\",\"inLanguage\":\"en-US\",\"@id\":\"https:\/\/frutiflora.com.br\/confeitaria\/#primaryimage\",\"url\":\"https:\/\/frutiflora.com.br\/wp-content\/uploads\/2020\/11\/gelatinas-frutiflora-e1605836601489.jpg\",\"contentUrl\":\"https:\/\/frutiflora.com.br\/wp-content\/uploads\/2020\/11\/gelatinas-frutiflora-e1605836601489.jpg\"},{\"@type\":\"BreadcrumbList\",\"@id\":\"https:\/\/frutiflora.com.br\/confeitaria\/#breadcrumb\",\"itemListElement\":[{\"@type\":\"ListItem\",\"position\":1,\"name\":\"Home\",\"item\":\"https:\/\/frutiflora.com.br\/\"},{\"@type\":\"ListItem\",\"position\":2,\"name\":\"Confeitaria\"}]},{\"@type\":\"WebSite\",\"@id\":\"https:\/\/frutiflora.com.br\/#website\",\"url\":\"https:\/\/frutiflora.com.br\/\",\"name\":\"Frutiflora Aromas\",\"description\":\"Uma Infinidade de Sabores!\",\"potentialAction\":[{\"@type\":\"SearchAction\",\"target\":{\"@type\":\"EntryPoint\",\"urlTemplate\":\"https:\/\/frutiflora.com.br\/?s={search_term_string}\"},\"query-input\":{\"@type\":\"PropertyValueSpecification\",\"valueRequired\":true,\"valueName\":\"search_term_string\"}}],\"inLanguage\":\"en-US\"}]}<\/script>\n<!-- \/ Yoast SEO Premium plugin. -->","yoast_head_json":{"title":"Confeitaria - Frutiflora Aromas","robots":{"index":"index","follow":"follow","max-snippet":"max-snippet:-1","max-image-preview":"max-image-preview:large","max-video-preview":"max-video-preview:-1"},"canonical":"https:\/\/frutiflora.com.br\/en\/confeitaria\/","og_locale":"en_US","og_type":"article","og_title":"Confeitaria","og_description":"Aplica\u00e7\u00f5es Confeitaria A confeitaria \u00e9 hoje uma \u00e1rea bem diversa e bastante competitiva. Por isso, \u00e9 essencial que seus produtos tenham aromas saborosos e de qualidade como os da Frutiflora para conquistar o cliente pelo paladar. Gelatinas Drageados Goma de Mascar Balas Doces Bolos Recheios e Coberturas Outros","og_url":"https:\/\/frutiflora.com.br\/en\/confeitaria\/","og_site_name":"Frutiflora Aromas","article_modified_time":"2025-09-05T12:11:55+00:00","og_image":[{"url":"https:\/\/frutiflora.com.br\/wp-content\/uploads\/2020\/11\/gelatinas-frutiflora-e1605836601489.jpg","type":"","width":"","height":""}],"twitter_card":"summary_large_image","twitter_misc":{"Est. reading time":"2 minutes"},"schema":{"@context":"https:\/\/schema.org","@graph":[{"@type":"WebPage","@id":"https:\/\/frutiflora.com.br\/confeitaria\/","url":"https:\/\/frutiflora.com.br\/confeitaria\/","name":"Confeitaria - Frutiflora Aromas","isPartOf":{"@id":"https:\/\/frutiflora.com.br\/#website"},"primaryImageOfPage":{"@id":"https:\/\/frutiflora.com.br\/confeitaria\/#primaryimage"},"image":{"@id":"https:\/\/frutiflora.com.br\/confeitaria\/#primaryimage"},"thumbnailUrl":"https:\/\/frutiflora.com.br\/wp-content\/uploads\/2020\/11\/gelatinas-frutiflora-e1605836601489.jpg","datePublished":"2020-11-07T17:45:23+00:00","dateModified":"2025-09-05T12:11:55+00:00","breadcrumb":{"@id":"https:\/\/frutiflora.com.br\/confeitaria\/#breadcrumb"},"inLanguage":"en-US","potentialAction":[{"@type":"ReadAction","target":["https:\/\/frutiflora.com.br\/confeitaria\/"]}]},{"@type":"ImageObject","inLanguage":"en-US","@id":"https:\/\/frutiflora.com.br\/confeitaria\/#primaryimage","url":"https:\/\/frutiflora.com.br\/wp-content\/uploads\/2020\/11\/gelatinas-frutiflora-e1605836601489.jpg","contentUrl":"https:\/\/frutiflora.com.br\/wp-content\/uploads\/2020\/11\/gelatinas-frutiflora-e1605836601489.jpg"},{"@type":"BreadcrumbList","@id":"https:\/\/frutiflora.com.br\/confeitaria\/#breadcrumb","itemListElement":[{"@type":"ListItem","position":1,"name":"Home","item":"https:\/\/frutiflora.com.br\/"},{"@type":"ListItem","position":2,"name":"Confeitaria"}]},{"@type":"WebSite","@id":"https:\/\/frutiflora.com.br\/#website","url":"https:\/\/frutiflora.com.br\/","name":"Frutiflora Aromas","description":"Uma Infinidade de Sabores!","potentialAction":[{"@type":"SearchAction","target":{"@type":"EntryPoint","urlTemplate":"https:\/\/frutiflora.com.br\/?s={search_term_string}"},"query-input":{"@type":"PropertyValueSpecification","valueRequired":true,"valueName":"search_term_string"}}],"inLanguage":"en-US"}]}},"_links":{"self":[{"href":"https:\/\/frutiflora.com.br\/en\/wp-json\/wp\/v2\/pages\/275","targetHints":{"allow":["GET"]}}],"collection":[{"href":"https:\/\/frutiflora.com.br\/en\/wp-json\/wp\/v2\/pages"}],"about":[{"href":"https:\/\/frutiflora.com.br\/en\/wp-json\/wp\/v2\/types\/page"}],"author":[{"embeddable":true,"href":"https:\/\/frutiflora.com.br\/en\/wp-json\/wp\/v2\/users\/1"}],"replies":[{"embeddable":true,"href":"https:\/\/frutiflora.com.br\/en\/wp-json\/wp\/v2\/comments?post=275"}],"version-history":[{"count":20,"href":"https:\/\/frutiflora.com.br\/en\/wp-json\/wp\/v2\/pages\/275\/revisions"}],"predecessor-version":[{"id":715,"href":"https:\/\/frutiflora.com.br\/en\/wp-json\/wp\/v2\/pages\/275\/revisions\/715"}],"wp:attachment":[{"href":"https:\/\/frutiflora.com.br\/en\/wp-json\/wp\/v2\/media?parent=275"}],"curies":[{"name":"wp","href":"https:\/\/api.w.org\/{rel}","templated":true}]}}